{"id":144,"date":"2023-02-04T13:10:51","date_gmt":"2023-02-04T13:10:51","guid":{"rendered":"https:\/\/agnesperrais.com\/?page_id=144"},"modified":"2025-10-18T14:29:04","modified_gmt":"2025-10-18T14:29:04","slug":"bio-contact","status":"publish","type":"page","link":"https:\/\/agnesperrais.com\/?page_id=144","title":{"rendered":"Bio \/ Contact"},"content":{"rendered":"\n<div class=\"wp-block-columns is-layout-flex wp-container-core-columns-is-layout-9d6595d7 wp-block-columns-is-layout-flex\">\n<div class=\"wp-block-column is-layout-flow wp-block-column-is-layout-flow\" style=\"flex-basis:33.33%\">\n<figure class=\"wp-block-image size-large is-resized\"><img decoding=\"async\" width=\"1024\" height=\"1024\" src=\"https:\/\/agnesperrais.com\/wp-content\/uploads\/2024\/12\/AP-photo--1024x1024.jpg\" alt=\"\" class=\"wp-image-1092\" style=\"width:190px;height:190px\" srcset=\"https:\/\/agnesperrais.com\/wp-content\/uploads\/2024\/12\/AP-photo--1024x1024.jpg 1024w, https:\/\/agnesperrais.com\/wp-content\/uploads\/2024\/12\/AP-photo--300x300.jpg 300w, https:\/\/agnesperrais.com\/wp-content\/uploads\/2024\/12\/AP-photo--150x150.jpg 150w, https:\/\/agnesperrais.com\/wp-content\/uploads\/2024\/12\/AP-photo--768x769.jpg 768w, https:\/\/agnesperrais.com\/wp-content\/uploads\/2024\/12\/AP-photo--1534x1536.jpg 1534w\" sizes=\"(max-width: 1024px) 100vw, 1024px\" \/><\/figure>\n<\/div>\n\n\n\n<div class=\"wp-block-column is-layout-flow wp-block-column-is-layout-flow\" style=\"flex-basis:88%\">\n<p style=\"font-size:14px\">N\u00e9e \u00e0 Paris, Agn\u00e8s Perrais commence par r\u00e9aliser des documentaires de cr\u00e9ation, tout en menant en <br>parall\u00e8le une th\u00e8se de doctorat portant sur les liens entre lyrisme et politique en cin\u00e9ma.<br>Puis elle rencontre en 2016 la pratique du cin\u00e9ma argentique gr\u00e2ce aux laboratoires partag\u00e9s <a rel=\"noreferrer noopener\" href=\"https:\/\/etna-cinema.net\/\" target=\"_blank\">l\u2019Etna<\/a> et l\u2019Abominable (<a rel=\"noreferrer noopener\" href=\"https:\/\/navireargo.org\/\" target=\"_blank\">Navire Argo<\/a>). Au sein d\u2019une recherche plastique diverse (collages, rayogrammes&#8230;), elle poursuit actuellement son travail cin\u00e9matographique en pellicule, autour de l\u2019articulation entre politique et imaginaire, en travaillant \u00e0 la fois des formes documentaires et des formes courtes po\u00e9tiques plus exp\u00e9rimentales.<br>Elle est engag\u00e9e activement dans plusieurs collectifs (L\u2019Etna, La Poudri\u00e8re, Le Navire Argo, <a rel=\"noreferrer noopener\" href=\"https:\/\/derougeeditions.com\/\" target=\"_blank\">Les \u00c9ditions du D\u00e9 rouge<\/a>&#8230;) et est membre fondatrice, avec <a rel=\"noreferrer noopener\" href=\"https:\/\/anaisibert.net\/\" target=\"_blank\">Ana\u00efs Ibert<\/a>, <a rel=\"noreferrer noopener\" href=\"https:\/\/fredemenant.wordpress.com\/\" target=\"_blank\">Fr\u00e9d\u00e9rique Menant<\/a> et Le\u00efla Colin-Nava\u00ef, de l\u2019association <a rel=\"noreferrer noopener\" href=\"https:\/\/www.facebook.com\/La-surface-de-derni%C3%A8re-diffusion-112335810538555\" target=\"_blank\">la Surface de derni\u00e8re diffusion<\/a>.<\/p>\n\n\n\n<p style=\"font-size:14px\">agnesperrais20(a)gmail.com<\/p>\n<\/div>\n<\/div>\n\n\n\n<p class=\"has-text-align-left has-small-font-size\"><br>Certaines \u0153uvres plastiques pr\u00e9sent\u00e9es sur ce site sont disponibles \u00e0 la vente. <br>Pour toute demande, vous pouvez \u00e9crire \u00e0 l&#8217;adresse ci-dessus.<\/p>\n\n\n\n<p><\/p>\n","protected":false},"excerpt":{"rendered":"<p>N\u00e9e \u00e0 Paris, Agn\u00e8s Perrais commence par r\u00e9aliser des documentaires de cr\u00e9ation, tout en menant en parall\u00e8le une th\u00e8se de doctorat portant sur les liens entre lyrisme et politique en cin\u00e9ma.Puis elle rencontre en 2016 la pratique du cin\u00e9ma argentique gr\u00e2ce aux laboratoires partag\u00e9s l\u2019Etna et l\u2019Abominable (Navire Argo). Au sein d\u2019une recherche plastique diverse &hellip; <a href=\"https:\/\/agnesperrais.com\/?page_id=144\" class=\"more-link\">Continue reading <span class=\"screen-reader-text\">Bio \/ Contact<\/span><\/a><\/p>\n","protected":false},"author":1,"featured_media":0,"parent":0,"menu_order":6,"comment_status":"closed","ping_status":"closed","template":"","meta":{"pgc_sgb_lightbox_settings":"","footnotes":""},"class_list":["post-144","page","type-page","status-publish","hentry"],"_links":{"self":[{"href":"https:\/\/agnesperrais.com\/index.php?rest_route=\/wp\/v2\/pages\/144","targetHints":{"allow":["GET"]}}],"collection":[{"href":"https:\/\/agnesperrais.com\/index.php?rest_route=\/wp\/v2\/pages"}],"about":[{"href":"https:\/\/agnesperrais.com\/index.php?rest_route=\/wp\/v2\/types\/page"}],"author":[{"embeddable":true,"href":"https:\/\/agnesperrais.com\/index.php?rest_route=\/wp\/v2\/users\/1"}],"replies":[{"embeddable":true,"href":"https:\/\/agnesperrais.com\/index.php?rest_route=%2Fwp%2Fv2%2Fcomments&post=144"}],"version-history":[{"count":30,"href":"https:\/\/agnesperrais.com\/index.php?rest_route=\/wp\/v2\/pages\/144\/revisions"}],"predecessor-version":[{"id":1247,"href":"https:\/\/agnesperrais.com\/index.php?rest_route=\/wp\/v2\/pages\/144\/revisions\/1247"}],"wp:attachment":[{"href":"https:\/\/agnesperrais.com\/index.php?rest_route=%2Fwp%2Fv2%2Fmedia&parent=144"}],"curies":[{"name":"wp","href":"https:\/\/api.w.org\/{rel}","templated":true}]}}