{"id":242,"date":"2023-02-04T16:23:42","date_gmt":"2023-02-04T16:23:42","guid":{"rendered":"https:\/\/agnesperrais.com\/?page_id=242"},"modified":"2025-04-23T08:53:27","modified_gmt":"2025-04-23T08:53:27","slug":"242-2","status":"publish","type":"page","link":"https:\/\/agnesperrais.com\/?page_id=242","title":{"rendered":"Ciompi"},"content":{"rendered":"\n<p class=\"has-small-font-size\">2023<br>Documentaire \/ essai<br>83 minutes &#8211; Super 8 et 16mm sur vid\u00e9o &#8211; couleur<\/p>\n\n\n\n<p class=\"has-small-font-size\"><em>Au Moyen \u00c2ge, dans la ville de Florence en Italie, une r\u00e9volte des ouvriers les plus pauvres des fabriques de laine parvient \u00e0 renverser le gouvernement. Aujourd\u2019hui, alors que je m\u2019entretiens avec l\u2019historien militant qui a remis en lumi\u00e8re cette r\u00e9volte, les ouvriers de l\u2019industrie textile moderne se soul\u00e8vent.<\/em><\/p>\n\n\n\n<p class=\"has-small-font-size\">Avec&nbsp;: Alessandro Stella, Cosimo Pantaleoni&#8230;<br>Image&nbsp;: Agn\u00e8s Perrais et Fr\u00e9d\u00e9rique Menant&nbsp;\/ son&nbsp;: Marie Bottois \/ montage&nbsp;: Marie Bottois et Agn\u00e8s Perrais \/ montage son, mixage&nbsp;: Andr\u00e9 F\u00e8vre \/ \u00e9talonnage&nbsp;: Jade Gomes \/ musique&nbsp;originale : Glenn Marzin<br>Production&nbsp;:<a rel=\"noreferrer noopener\" href=\"https:\/\/limagedapres.org\/production\/ciompi\/\" target=\"_blank\"> L\u2019image d\u2019apr\u00e8s\/<\/a><a rel=\"noreferrer noopener\" href=\"https:\/\/www.facebook.com\/La-surface-de-derni%C3%A8re-diffusion-112335810538555\" target=\"_blank\">La surface de derni\u00e8re diffusion<\/a><br>Prix du projet du documentaire aux Rendez-vous de l\u2019histoire de Blois,<br>Works-in-progress ParisDoc, Cin\u00e9ma du R\u00e9el 2022<br><br>Prix : <br>Prix de la Sacem &#8211; Cin\u00e9ma du R\u00e9el 2023<br> <a rel=\"noreferrer noopener\" href=\"https:\/\/historyfilmfestival.com\/web\/en\/awards-2023\/\" target=\"_blank\">Grand prix et Prix de la meilleure photographie<\/a> &#8211; History Film Festival, Rijeka, Croatie, 2023<br>Prix du meilleur long-m\u00e9trage (jury international) &#8211; Flight Mostra internazionale del cinema di Genova, 2024<br><br>S\u00e9lections :<br><a rel=\"noreferrer noopener\" href=\"https:\/\/www.cinemadureel.org\/films\/ciompi\/\" target=\"_blank\">Cin\u00e9ma du R\u00e9el 2023<\/a> &#8211; Comp\u00e9tition <br><a rel=\"noreferrer noopener\" href=\"https:\/\/www.pesarofilmfest.it\/programma\/1372-ciompi\" target=\"_blank\">Mostra internazionale del Nuovo Cinema di Pesaro<\/a>, Italie, 2023 &#8211; Comp\u00e9tition <br>History Film Festival, Rijeka, Croatie, 2023 &#8211; Comp\u00e9tition<br>Biopic fest, Rome, Italie, 2023 &#8211; Comp\u00e9tition <br><a rel=\"noreferrer noopener\" href=\"https:\/\/www.portopostdoc.com\/home\/festival\/2023\/view?id=1548\" target=\"_blank\">Port\/Post\/Doc, Porto<\/a>, Portugal, 2023 &#8211; Comp\u00e9tition <br><a rel=\"noreferrer noopener\" href=\"https:\/\/lesecransdocumentaires.org\/film\/ciompi\/\" target=\"_blank\">Les \u00c9crans Documentaires, Arcueil<\/a>, 2023 &#8211; Programmation &#8220;Avant-premi\u00e8res&#8221;<br>Florence International Film Festival, 2024, Florence, Italie &#8211; Comp\u00e9tition <br>Festival international Signes de Nuit 2024 &#8211; Urbino, Italie &#8211; Comp\u00e9tition<br>Festival La Grande R\u00e9volte, Paris\/Ivry\/Rennes, 2024<br>Festival <a rel=\"noreferrer noopener\" href=\"https:\/\/filmerletravail.org\/film\/ciompi\/\" target=\"_blank\">Filmer le travail<\/a>, Poitiers, 2024 &#8211; Comp\u00e9tition<br><a rel=\"noreferrer noopener\" href=\"https:\/\/www.filmfestival.gr\/en\/movie-tdf\/movie\/15458\" target=\"_blank\">Thessaloniki Documentary Festival<\/a>, Gr\u00e8ce, 2024 &#8211; Section Open horizons<br><a rel=\"noreferrer noopener\" href=\"https:\/\/oneworld.ro\/en\/festival\/movie\/Ciompi\/944\" target=\"_blank\">One world Romania Festival<\/a> 2024, Bucarest, Roumanie<br><a href=\"https:\/\/www.mostradelcinemagenova.org\/\">Flight Mostra internazionale del cinema di Genova<\/a>, 2024 G\u00eanes, Italie <\/p>\n\n\n\n<p class=\"has-small-font-size\">Diffusion :<br>sur la<a rel=\"noreferrer noopener\" href=\"https:\/\/www.on-tenk.com\/fr\/documentaires\/les-films-de-cin-ma-du-r-el\/ciompi\" target=\"_blank\"> plateforme T\u00ebnk, mars-avril 2024<\/a><br>sur <a href=\"https:\/\/www.mediapart.fr\/studio\/documentaires\/culture-et-idees\/ciompi-les-echos-contemporains-d-une-revolte-du-moyen-age\">Mediapart<\/a>, accompagn\u00e9 d&#8217;un entretien avec Agn\u00e8s Perrais, Alessandro Stella et Ludivine Bantigny<br>Projections : Semaine asym\u00e9trique, Marseille, Le Polygone Etoil\u00e9, 24 mai 2024, m\u00e9diath\u00e8que de Rodez, 9 novembre 2024, dans le cadre du Mois du film documentaire (s\u00e9ance pr\u00e9sent\u00e9e par Federico Rossin),  Op\u00e9ra Underground de Lyon, 3 d\u00e9cembre 2024, Cin\u00e9ma Les Studios \u00e0 Tours le 19 f\u00e9vrier 2025.<br><br>Presse : <br><a href=\"https:\/\/debordements.fr\/cinema-du-reel-2023\/?highlight=cinema%20du%20r%C3%A9el%202023\">https:\/\/debordements.fr\/cinema-du-reel-2023\/?highlight=cinema%20du%20r%C3%A9el%202023<\/a><br><a rel=\"noreferrer noopener\" href=\"https:\/\/maze.fr\/2023\/03\/ciompi-chair-spectrale\/\" target=\"_blank\">https:\/\/maze.fr\/2023\/03\/ciompi-chair-spectrale\/<\/a><br><a rel=\"noreferrer noopener\" href=\"https:\/\/www.filmidee.it\/2023\/06\/pff-ciompi\/\" target=\"_blank\">https:\/\/www.filmidee.it\/2023\/06\/pff-ciompi\/<\/a><br>Entretien \u00e0 lire ici : <a rel=\"noreferrer noopener\" href=\"https:\/\/blogs.mediapart.fr\/cinema-du-reel\/blog\/220323\/entretien-avec-agnes-perrais-realisatrice-de-ciompi\" target=\"_blank\">https:\/\/blogs.mediapart.fr\/cinema-du-reel\/blog\/220323\/entretien-avec-agnes-perrais-realisatrice-de-ciompi<\/a><br>Entretien vid\u00e9o dans le cadre du festival Cin\u00e9ma du R\u00e9el : <a rel=\"noreferrer noopener\" href=\"https:\/\/www.youtube.com\/watch?v=eFYDm9iEVkE\" target=\"_blank\">https:\/\/www.youtube.com\/watch?v=eFYDm9iEVkE<\/a><br><br>Ciompi est disponible en VOD sur la plateforme <a rel=\"noreferrer noopener\" href=\"https:\/\/www.on-tenk.com\/fr\/documentaires\/les-films-de-cin-ma-du-r-el\/ciompi\" target=\"_blank\">T\u00ebnk<\/a> et en DVD (sur commande \u00e0 contact(@)limagedapres.org)<\/p>\n\n\n<div class=\"pgc-sgb-cb wp-block-pgcsimplygalleryblock-justified \" data-gallery-id=\"a3363391\"><div class=\"sgb-preloader\" id=\"pr_a3363391\">\n\t<div class=\"sgb-square\" style=\"background:#d4d4d4\"><\/div>\n\t<div class=\"sgb-square\" style=\"background:#d4d4d4\"><\/div>\n\t<div class=\"sgb-square\" style=\"background:#d4d4d4\"><\/div>\n\t<div class=\"sgb-square\" style=\"background:#d4d4d4\"><\/div><\/div><div class=\"simply-gallery-amp pgc_sgb_slider \" style=\"display: none;\"><div class=\"sgb-gallery\"><div class=\"sgb-item\"><a href=\"https:\/\/agnesperrais.com\/?attachment_id=103\" target=\"_blank\"><img decoding=\"async\" alt=\"\" width=\"300\" height=\"225\" loading=\"lazy\" src=\"http:\/\/agnesperrais.com\/wp-content\/uploads\/2023\/02\/CIOMPI-Florence-300x225.jpg\" srcset=\"http:\/\/agnesperrais.com\/wp-content\/uploads\/2023\/02\/CIOMPI-Florence-300x225.jpg 300w,http:\/\/agnesperrais.com\/wp-content\/uploads\/2023\/02\/CIOMPI-Florence-1024x768.jpg 660w,http:\/\/agnesperrais.com\/wp-content\/uploads\/2023\/02\/CIOMPI-Florence.jpg 1440w\" sizes=\"auto, 250px\"\/><\/a><\/div><div class=\"sgb-item\"><a href=\"https:\/\/agnesperrais.com\/?attachment_id=101\" target=\"_blank\"><img decoding=\"async\" alt=\"\" width=\"300\" height=\"225\" loading=\"lazy\" src=\"http:\/\/agnesperrais.com\/wp-content\/uploads\/2023\/02\/CIOMPI-Couture-300x225.jpeg\" srcset=\"http:\/\/agnesperrais.com\/wp-content\/uploads\/2023\/02\/CIOMPI-Couture-300x225.jpeg 300w,http:\/\/agnesperrais.com\/wp-content\/uploads\/2023\/02\/CIOMPI-Couture-1024x768.jpeg 660w,http:\/\/agnesperrais.com\/wp-content\/uploads\/2023\/02\/CIOMPI-Couture.jpeg 1440w\" sizes=\"auto, 250px\"\/><\/a><\/div><div class=\"sgb-item\"><a href=\"https:\/\/agnesperrais.com\/?attachment_id=115\" target=\"_blank\"><img decoding=\"async\" alt=\"\" width=\"300\" height=\"225\" loading=\"lazy\" src=\"http:\/\/agnesperrais.com\/wp-content\/uploads\/2023\/02\/CIOMPI-fresque-bras-copy-300x225.jpg\" srcset=\"http:\/\/agnesperrais.com\/wp-content\/uploads\/2023\/02\/CIOMPI-fresque-bras-copy-300x225.jpg 300w,http:\/\/agnesperrais.com\/wp-content\/uploads\/2023\/02\/CIOMPI-fresque-bras-copy-1024x768.jpg 660w,http:\/\/agnesperrais.com\/wp-content\/uploads\/2023\/02\/CIOMPI-fresque-bras-copy.jpg 1440w\" sizes=\"auto, 250px\"\/><\/a><\/div><div class=\"sgb-item\"><a href=\"https:\/\/agnesperrais.com\/?attachment_id=105\" target=\"_blank\"><img decoding=\"async\" alt=\"\" width=\"300\" height=\"225\" loading=\"lazy\" src=\"http:\/\/agnesperrais.com\/wp-content\/uploads\/2023\/02\/CIOMPI-Main-machine-300x225.jpeg\" srcset=\"http:\/\/agnesperrais.com\/wp-content\/uploads\/2023\/02\/CIOMPI-Main-machine-300x225.jpeg 300w,http:\/\/agnesperrais.com\/wp-content\/uploads\/2023\/02\/CIOMPI-Main-machine-1024x768.jpeg 660w,http:\/\/agnesperrais.com\/wp-content\/uploads\/2023\/02\/CIOMPI-Main-machine.jpeg 1440w\" sizes=\"auto, 250px\"\/><\/a><\/div><div class=\"sgb-item\"><a href=\"https:\/\/agnesperrais.com\/?attachment_id=107\" target=\"_blank\"><img decoding=\"async\" alt=\"\" width=\"300\" height=\"225\" loading=\"lazy\" src=\"http:\/\/agnesperrais.com\/wp-content\/uploads\/2023\/02\/CIOMPI-mains-livre-300x225.jpeg\" srcset=\"http:\/\/agnesperrais.com\/wp-content\/uploads\/2023\/02\/CIOMPI-mains-livre-300x225.jpeg 300w,http:\/\/agnesperrais.com\/wp-content\/uploads\/2023\/02\/CIOMPI-mains-livre-1024x768.jpeg 660w,http:\/\/agnesperrais.com\/wp-content\/uploads\/2023\/02\/CIOMPI-mains-livre.jpeg 1440w\" sizes=\"auto, 250px\"\/><\/a><\/div><div class=\"sgb-item\"><a href=\"https:\/\/agnesperrais.com\/?attachment_id=113\" target=\"_blank\"><img decoding=\"async\" alt=\"\" width=\"300\" height=\"225\" loading=\"lazy\" src=\"http:\/\/agnesperrais.com\/wp-content\/uploads\/2023\/02\/CIOMPI-clocher-palais-copy-300x225.jpg\" srcset=\"http:\/\/agnesperrais.com\/wp-content\/uploads\/2023\/02\/CIOMPI-clocher-palais-copy-300x225.jpg 300w,http:\/\/agnesperrais.com\/wp-content\/uploads\/2023\/02\/CIOMPI-clocher-palais-copy-1024x768.jpg 660w,http:\/\/agnesperrais.com\/wp-content\/uploads\/2023\/02\/CIOMPI-clocher-palais-copy.jpg 1440w\" sizes=\"auto, 250px\"\/><\/a><\/div><div class=\"sgb-item\"><a href=\"https:\/\/agnesperrais.com\/?attachment_id=114\" target=\"_blank\"><img decoding=\"async\" alt=\"\" width=\"300\" height=\"225\" loading=\"lazy\" src=\"http:\/\/agnesperrais.com\/wp-content\/uploads\/2023\/02\/CIOMPI-Cosimo-copy-300x225.jpg\" srcset=\"http:\/\/agnesperrais.com\/wp-content\/uploads\/2023\/02\/CIOMPI-Cosimo-copy-300x225.jpg 300w,http:\/\/agnesperrais.com\/wp-content\/uploads\/2023\/02\/CIOMPI-Cosimo-copy-1024x768.jpg 660w,http:\/\/agnesperrais.com\/wp-content\/uploads\/2023\/02\/CIOMPI-Cosimo-copy.jpg 1440w\" sizes=\"auto, 250px\"\/><\/a><\/div><div class=\"sgb-item\"><a href=\"https:\/\/agnesperrais.com\/?attachment_id=112\" target=\"_blank\"><img decoding=\"async\" alt=\"\" width=\"300\" height=\"225\" loading=\"lazy\" src=\"http:\/\/agnesperrais.com\/wp-content\/uploads\/2023\/02\/CIOMPI-Stella-300x225.jpg\" srcset=\"http:\/\/agnesperrais.com\/wp-content\/uploads\/2023\/02\/CIOMPI-Stella-300x225.jpg 300w,http:\/\/agnesperrais.com\/wp-content\/uploads\/2023\/02\/CIOMPI-Stella-1024x768.jpg 660w,http:\/\/agnesperrais.com\/wp-content\/uploads\/2023\/02\/CIOMPI-Stella.jpg 1440w\" sizes=\"auto, 250px\"\/><\/a><\/div><div class=\"sgb-item\"><a href=\"https:\/\/agnesperrais.com\/?attachment_id=104\" target=\"_blank\"><img decoding=\"async\" alt=\"\" width=\"300\" height=\"225\" loading=\"lazy\" src=\"http:\/\/agnesperrais.com\/wp-content\/uploads\/2023\/02\/CIOMPI-Les-4-fantastiques-300x225.jpeg\" srcset=\"http:\/\/agnesperrais.com\/wp-content\/uploads\/2023\/02\/CIOMPI-Les-4-fantastiques-300x225.jpeg 300w,http:\/\/agnesperrais.com\/wp-content\/uploads\/2023\/02\/CIOMPI-Les-4-fantastiques-1024x768.jpeg 660w,http:\/\/agnesperrais.com\/wp-content\/uploads\/2023\/02\/CIOMPI-Les-4-fantastiques.jpeg 1440w\" sizes=\"auto, 250px\"\/><\/a><\/div><div class=\"sgb-item\"><a href=\"https:\/\/agnesperrais.com\/?attachment_id=793\" target=\"_blank\"><img decoding=\"async\" alt=\"\" width=\"212\" height=\"300\" loading=\"lazy\" src=\"http:\/\/agnesperrais.com\/wp-content\/uploads\/2023\/03\/Ciompi-A3-poster-web-212x300.jpg\" srcset=\"http:\/\/agnesperrais.com\/wp-content\/uploads\/2023\/03\/Ciompi-A3-poster-web-212x300.jpg 212w,http:\/\/agnesperrais.com\/wp-content\/uploads\/2023\/03\/Ciompi-A3-poster-web-724x1024.jpg 660w,http:\/\/agnesperrais.com\/wp-content\/uploads\/2023\/03\/Ciompi-A3-poster-web-scaled.jpg 1810w\" sizes=\"auto, 250px\"\/><\/a><\/div><\/div><\/div><script type=\"application\/json\" class=\"sgb-data\">{\"lastRowFill\":true,\"thumbSpacing\":9,\"collectionThumbSubMenuDownload\":false,\"collectionThumbSubMenuShare\":false,\"galleryType\":\"pgc_sgb_justified\",\"galleryId\":\"a3363391\",\"images\":[{\"id\":103,\"title\":\"CIOMPI Florence\",\"url\":\"http:\/\/agnesperrais.com\/wp-content\/uploads\/2023\/02\/CIOMPI-Florence.jpg\",\"link\":\"https:\/\/agnesperrais.com\/?attachment_id=103\",\"alt\":\"\",\"description\":\"\",\"caption\":\"\",\"mime\":\"image\/jpeg\",\"type\":\"image\",\"width\":1440,\"height\":1080,\"sizes\":{\"thumbnail\":{\"height\":150,\"width\":150,\"url\":\"http:\/\/agnesperrais.com\/wp-content\/uploads\/2023\/02\/CIOMPI-Florence-150x150.jpg\",\"orientation\":\"landscape\"},\"medium\":{\"height\":225,\"width\":300,\"url\":\"http:\/\/agnesperrais.com\/wp-content\/uploads\/2023\/02\/CIOMPI-Florence-300x225.jpg\",\"orientation\":\"landscape\"},\"large\":{\"height\":495,\"width\":660,\"url\":\"http:\/\/agnesperrais.com\/wp-content\/uploads\/2023\/02\/CIOMPI-Florence-1024x768.jpg\",\"orientation\":\"landscape\"},\"full\":{\"url\":\"http:\/\/agnesperrais.com\/wp-content\/uploads\/2023\/02\/CIOMPI-Florence.jpg\",\"height\":1080,\"width\":1440,\"orientation\":\"landscape\"}},\"meta\":false,\"postlink\":\"https:\/\/agnesperrais.com\/?attachment_id=103\"},{\"id\":101,\"title\":\"CIOMPI Couture\",\"url\":\"http:\/\/agnesperrais.com\/wp-content\/uploads\/2023\/02\/CIOMPI-Couture.jpeg\",\"link\":\"https:\/\/agnesperrais.com\/?attachment_id=101\",\"alt\":\"\",\"description\":\"\",\"caption\":\"\",\"mime\":\"image\/jpeg\",\"type\":\"image\",\"width\":1440,\"height\":1080,\"sizes\":{\"thumbnail\":{\"height\":150,\"width\":150,\"url\":\"http:\/\/agnesperrais.com\/wp-content\/uploads\/2023\/02\/CIOMPI-Couture-150x150.jpeg\",\"orientation\":\"landscape\"},\"medium\":{\"height\":225,\"width\":300,\"url\":\"http:\/\/agnesperrais.com\/wp-content\/uploads\/2023\/02\/CIOMPI-Couture-300x225.jpeg\",\"orientation\":\"landscape\"},\"large\":{\"height\":495,\"width\":660,\"url\":\"http:\/\/agnesperrais.com\/wp-content\/uploads\/2023\/02\/CIOMPI-Couture-1024x768.jpeg\",\"orientation\":\"landscape\"},\"full\":{\"url\":\"http:\/\/agnesperrais.com\/wp-content\/uploads\/2023\/02\/CIOMPI-Couture.jpeg\",\"height\":1080,\"width\":1440,\"orientation\":\"landscape\"}},\"meta\":false,\"postlink\":\"https:\/\/agnesperrais.com\/?attachment_id=101\"},{\"id\":115,\"title\":\"CIOMPI fresque bras copy\",\"url\":\"http:\/\/agnesperrais.com\/wp-content\/uploads\/2023\/02\/CIOMPI-fresque-bras-copy.jpg\",\"link\":\"https:\/\/agnesperrais.com\/?attachment_id=115\",\"alt\":\"\",\"description\":\"\",\"caption\":\"\",\"mime\":\"image\/jpeg\",\"type\":\"image\",\"width\":1440,\"height\":1080,\"sizes\":{\"thumbnail\":{\"height\":150,\"width\":150,\"url\":\"http:\/\/agnesperrais.com\/wp-content\/uploads\/2023\/02\/CIOMPI-fresque-bras-copy-150x150.jpg\",\"orientation\":\"landscape\"},\"medium\":{\"height\":225,\"width\":300,\"url\":\"http:\/\/agnesperrais.com\/wp-content\/uploads\/2023\/02\/CIOMPI-fresque-bras-copy-300x225.jpg\",\"orientation\":\"landscape\"},\"large\":{\"height\":495,\"width\":660,\"url\":\"http:\/\/agnesperrais.com\/wp-content\/uploads\/2023\/02\/CIOMPI-fresque-bras-copy-1024x768.jpg\",\"orientation\":\"landscape\"},\"full\":{\"url\":\"http:\/\/agnesperrais.com\/wp-content\/uploads\/2023\/02\/CIOMPI-fresque-bras-copy.jpg\",\"height\":1080,\"width\":1440,\"orientation\":\"landscape\"}},\"meta\":false,\"postlink\":\"https:\/\/agnesperrais.com\/?attachment_id=115\"},{\"id\":105,\"title\":\"CIOMPI Main machine\",\"url\":\"http:\/\/agnesperrais.com\/wp-content\/uploads\/2023\/02\/CIOMPI-Main-machine.jpeg\",\"link\":\"https:\/\/agnesperrais.com\/?attachment_id=105\",\"alt\":\"\",\"description\":\"\",\"caption\":\"\",\"mime\":\"image\/jpeg\",\"type\":\"image\",\"width\":1440,\"height\":1080,\"sizes\":{\"thumbnail\":{\"height\":150,\"width\":150,\"url\":\"http:\/\/agnesperrais.com\/wp-content\/uploads\/2023\/02\/CIOMPI-Main-machine-150x150.jpeg\",\"orientation\":\"landscape\"},\"medium\":{\"height\":225,\"width\":300,\"url\":\"http:\/\/agnesperrais.com\/wp-content\/uploads\/2023\/02\/CIOMPI-Main-machine-300x225.jpeg\",\"orientation\":\"landscape\"},\"large\":{\"height\":495,\"width\":660,\"url\":\"http:\/\/agnesperrais.com\/wp-content\/uploads\/2023\/02\/CIOMPI-Main-machine-1024x768.jpeg\",\"orientation\":\"landscape\"},\"full\":{\"url\":\"http:\/\/agnesperrais.com\/wp-content\/uploads\/2023\/02\/CIOMPI-Main-machine.jpeg\",\"height\":1080,\"width\":1440,\"orientation\":\"landscape\"}},\"meta\":false,\"postlink\":\"https:\/\/agnesperrais.com\/?attachment_id=105\"},{\"id\":107,\"title\":\"CIOMPI mains livre\",\"url\":\"http:\/\/agnesperrais.com\/wp-content\/uploads\/2023\/02\/CIOMPI-mains-livre.jpeg\",\"link\":\"https:\/\/agnesperrais.com\/?attachment_id=107\",\"alt\":\"\",\"description\":\"\",\"caption\":\"\",\"mime\":\"image\/jpeg\",\"type\":\"image\",\"width\":1440,\"height\":1080,\"sizes\":{\"thumbnail\":{\"height\":150,\"width\":150,\"url\":\"http:\/\/agnesperrais.com\/wp-content\/uploads\/2023\/02\/CIOMPI-mains-livre-150x150.jpeg\",\"orientation\":\"landscape\"},\"medium\":{\"height\":225,\"width\":300,\"url\":\"http:\/\/agnesperrais.com\/wp-content\/uploads\/2023\/02\/CIOMPI-mains-livre-300x225.jpeg\",\"orientation\":\"landscape\"},\"large\":{\"height\":495,\"width\":660,\"url\":\"http:\/\/agnesperrais.com\/wp-content\/uploads\/2023\/02\/CIOMPI-mains-livre-1024x768.jpeg\",\"orientation\":\"landscape\"},\"full\":{\"url\":\"http:\/\/agnesperrais.com\/wp-content\/uploads\/2023\/02\/CIOMPI-mains-livre.jpeg\",\"height\":1080,\"width\":1440,\"orientation\":\"landscape\"}},\"meta\":false,\"postlink\":\"https:\/\/agnesperrais.com\/?attachment_id=107\"},{\"id\":113,\"title\":\"CIOMPI clocher palais copy\",\"url\":\"http:\/\/agnesperrais.com\/wp-content\/uploads\/2023\/02\/CIOMPI-clocher-palais-copy.jpg\",\"link\":\"https:\/\/agnesperrais.com\/?attachment_id=113\",\"alt\":\"\",\"description\":\"\",\"caption\":\"\",\"mime\":\"image\/jpeg\",\"type\":\"image\",\"width\":1440,\"height\":1080,\"sizes\":{\"thumbnail\":{\"height\":150,\"width\":150,\"url\":\"http:\/\/agnesperrais.com\/wp-content\/uploads\/2023\/02\/CIOMPI-clocher-palais-copy-150x150.jpg\",\"orientation\":\"landscape\"},\"medium\":{\"height\":225,\"width\":300,\"url\":\"http:\/\/agnesperrais.com\/wp-content\/uploads\/2023\/02\/CIOMPI-clocher-palais-copy-300x225.jpg\",\"orientation\":\"landscape\"},\"large\":{\"height\":495,\"width\":660,\"url\":\"http:\/\/agnesperrais.com\/wp-content\/uploads\/2023\/02\/CIOMPI-clocher-palais-copy-1024x768.jpg\",\"orientation\":\"landscape\"},\"full\":{\"url\":\"http:\/\/agnesperrais.com\/wp-content\/uploads\/2023\/02\/CIOMPI-clocher-palais-copy.jpg\",\"height\":1080,\"width\":1440,\"orientation\":\"landscape\"}},\"meta\":false,\"postlink\":\"https:\/\/agnesperrais.com\/?attachment_id=113\"},{\"id\":114,\"title\":\"CIOMPI Cosimo copy\",\"url\":\"http:\/\/agnesperrais.com\/wp-content\/uploads\/2023\/02\/CIOMPI-Cosimo-copy.jpg\",\"link\":\"https:\/\/agnesperrais.com\/?attachment_id=114\",\"alt\":\"\",\"description\":\"\",\"caption\":\"\",\"mime\":\"image\/jpeg\",\"type\":\"image\",\"width\":1440,\"height\":1080,\"sizes\":{\"thumbnail\":{\"height\":150,\"width\":150,\"url\":\"http:\/\/agnesperrais.com\/wp-content\/uploads\/2023\/02\/CIOMPI-Cosimo-copy-150x150.jpg\",\"orientation\":\"landscape\"},\"medium\":{\"height\":225,\"width\":300,\"url\":\"http:\/\/agnesperrais.com\/wp-content\/uploads\/2023\/02\/CIOMPI-Cosimo-copy-300x225.jpg\",\"orientation\":\"landscape\"},\"large\":{\"height\":495,\"width\":660,\"url\":\"http:\/\/agnesperrais.com\/wp-content\/uploads\/2023\/02\/CIOMPI-Cosimo-copy-1024x768.jpg\",\"orientation\":\"landscape\"},\"full\":{\"url\":\"http:\/\/agnesperrais.com\/wp-content\/uploads\/2023\/02\/CIOMPI-Cosimo-copy.jpg\",\"height\":1080,\"width\":1440,\"orientation\":\"landscape\"}},\"meta\":false,\"postlink\":\"https:\/\/agnesperrais.com\/?attachment_id=114\"},{\"id\":112,\"title\":\"CIOMPI Stella\",\"url\":\"http:\/\/agnesperrais.com\/wp-content\/uploads\/2023\/02\/CIOMPI-Stella.jpg\",\"link\":\"https:\/\/agnesperrais.com\/?attachment_id=112\",\"alt\":\"\",\"description\":\"\",\"caption\":\"\",\"mime\":\"image\/jpeg\",\"type\":\"image\",\"width\":1440,\"height\":1080,\"sizes\":{\"thumbnail\":{\"height\":150,\"width\":150,\"url\":\"http:\/\/agnesperrais.com\/wp-content\/uploads\/2023\/02\/CIOMPI-Stella-150x150.jpg\",\"orientation\":\"landscape\"},\"medium\":{\"height\":225,\"width\":300,\"url\":\"http:\/\/agnesperrais.com\/wp-content\/uploads\/2023\/02\/CIOMPI-Stella-300x225.jpg\",\"orientation\":\"landscape\"},\"large\":{\"height\":495,\"width\":660,\"url\":\"http:\/\/agnesperrais.com\/wp-content\/uploads\/2023\/02\/CIOMPI-Stella-1024x768.jpg\",\"orientation\":\"landscape\"},\"full\":{\"url\":\"http:\/\/agnesperrais.com\/wp-content\/uploads\/2023\/02\/CIOMPI-Stella.jpg\",\"height\":1080,\"width\":1440,\"orientation\":\"landscape\"}},\"meta\":false,\"postlink\":\"https:\/\/agnesperrais.com\/?attachment_id=112\"},{\"id\":104,\"title\":\"CIOMPI Les 4 fantastiques\",\"url\":\"http:\/\/agnesperrais.com\/wp-content\/uploads\/2023\/02\/CIOMPI-Les-4-fantastiques.jpeg\",\"link\":\"https:\/\/agnesperrais.com\/?attachment_id=104\",\"alt\":\"\",\"description\":\"\",\"caption\":\"\",\"mime\":\"image\/jpeg\",\"type\":\"image\",\"width\":1440,\"height\":1080,\"sizes\":{\"thumbnail\":{\"height\":150,\"width\":150,\"url\":\"http:\/\/agnesperrais.com\/wp-content\/uploads\/2023\/02\/CIOMPI-Les-4-fantastiques-150x150.jpeg\",\"orientation\":\"landscape\"},\"medium\":{\"height\":225,\"width\":300,\"url\":\"http:\/\/agnesperrais.com\/wp-content\/uploads\/2023\/02\/CIOMPI-Les-4-fantastiques-300x225.jpeg\",\"orientation\":\"landscape\"},\"large\":{\"height\":495,\"width\":660,\"url\":\"http:\/\/agnesperrais.com\/wp-content\/uploads\/2023\/02\/CIOMPI-Les-4-fantastiques-1024x768.jpeg\",\"orientation\":\"landscape\"},\"full\":{\"url\":\"http:\/\/agnesperrais.com\/wp-content\/uploads\/2023\/02\/CIOMPI-Les-4-fantastiques.jpeg\",\"height\":1080,\"width\":1440,\"orientation\":\"landscape\"}},\"meta\":false,\"postlink\":\"https:\/\/agnesperrais.com\/?attachment_id=104\"},{\"id\":793,\"title\":\"Ciompi-A3-poster-web\",\"url\":\"http:\/\/agnesperrais.com\/wp-content\/uploads\/2023\/03\/Ciompi-A3-poster-web-scaled.jpg\",\"link\":\"https:\/\/agnesperrais.com\/?attachment_id=793\",\"alt\":\"\",\"description\":\"\",\"caption\":\"\",\"mime\":\"image\/jpeg\",\"type\":\"image\",\"width\":1810,\"height\":2560,\"sizes\":{\"thumbnail\":{\"height\":150,\"width\":150,\"url\":\"http:\/\/agnesperrais.com\/wp-content\/uploads\/2023\/03\/Ciompi-A3-poster-web-150x150.jpg\",\"orientation\":\"landscape\"},\"medium\":{\"height\":300,\"width\":212,\"url\":\"http:\/\/agnesperrais.com\/wp-content\/uploads\/2023\/03\/Ciompi-A3-poster-web-212x300.jpg\",\"orientation\":\"portrait\"},\"large\":{\"height\":933,\"width\":660,\"url\":\"http:\/\/agnesperrais.com\/wp-content\/uploads\/2023\/03\/Ciompi-A3-poster-web-724x1024.jpg\",\"orientation\":\"portrait\"},\"full\":{\"url\":\"http:\/\/agnesperrais.com\/wp-content\/uploads\/2023\/03\/Ciompi-A3-poster-web-scaled.jpg\",\"height\":2560,\"width\":1810,\"orientation\":\"portrait\"}},\"meta\":false,\"postlink\":\"https:\/\/agnesperrais.com\/?attachment_id=793\"}],\"itemsMetaDataCollection\":[],\"contentNoPadding\":true,\"sliderThumbBarEnable\":false,\"sliderBgColor\":\"rgba(0,0,0,1)\",\"sliderSocialShareEnabled\":false,\"sliderFullscreenEnabled\":false}<\/script><script>(function(){if(window.PGC_SGB && window.PGC_SGB.searcher){window.PGC_SGB.searcher.initBlocks()}})()<\/script><\/div>\n\n\n<div style=\"height:9px\" aria-hidden=\"true\" class=\"wp-block-spacer\"><\/div>\n\n\n\n<figure class=\"wp-block-embed is-type-video is-provider-vimeo wp-block-embed-vimeo wp-embed-aspect-4-3 wp-has-aspect-ratio\"><div class=\"wp-block-embed__wrapper\">\n<iframe title=\"Bande-annonce Ciompi FR\" src=\"https:\/\/player.vimeo.com\/video\/799284516?dnt=1&amp;app_id=122963\" width=\"660\" height=\"495\" frameborder=\"0\" allow=\"autoplay; fullscreen; picture-in-picture; clipboard-write; encrypted-media; web-share\" referrerpolicy=\"strict-origin-when-cross-origin\"><\/iframe>\n<\/div><\/figure>\n","protected":false},"excerpt":{"rendered":"<p>2023Documentaire \/ essai83 minutes &#8211; Super 8 et 16mm sur vid\u00e9o &#8211; couleur Au Moyen \u00c2ge, dans la ville de Florence en Italie, une r\u00e9volte des ouvriers les plus pauvres des fabriques de laine parvient \u00e0 renverser le gouvernement. Aujourd\u2019hui, alors que je m\u2019entretiens avec l\u2019historien militant qui a remis en lumi\u00e8re cette r\u00e9volte, les &hellip; <a href=\"https:\/\/agnesperrais.com\/?page_id=242\" class=\"more-link\">Continue reading <span class=\"screen-reader-text\">Ciompi<\/span><\/a><\/p>\n","protected":false},"author":1,"featured_media":0,"parent":0,"menu_order":0,"comment_status":"closed","ping_status":"closed","template":"","meta":{"pgc_sgb_lightbox_settings":"","footnotes":""},"class_list":["post-242","page","type-page","status-publish","hentry"],"_links":{"self":[{"href":"https:\/\/agnesperrais.com\/index.php?rest_route=\/wp\/v2\/pages\/242","targetHints":{"allow":["GET"]}}],"collection":[{"href":"https:\/\/agnesperrais.com\/index.php?rest_route=\/wp\/v2\/pages"}],"about":[{"href":"https:\/\/agnesperrais.com\/index.php?rest_route=\/wp\/v2\/types\/page"}],"author":[{"embeddable":true,"href":"https:\/\/agnesperrais.com\/index.php?rest_route=\/wp\/v2\/users\/1"}],"replies":[{"embeddable":true,"href":"https:\/\/agnesperrais.com\/index.php?rest_route=%2Fwp%2Fv2%2Fcomments&post=242"}],"version-history":[{"count":63,"href":"https:\/\/agnesperrais.com\/index.php?rest_route=\/wp\/v2\/pages\/242\/revisions"}],"predecessor-version":[{"id":1158,"href":"https:\/\/agnesperrais.com\/index.php?rest_route=\/wp\/v2\/pages\/242\/revisions\/1158"}],"wp:attachment":[{"href":"https:\/\/agnesperrais.com\/index.php?rest_route=%2Fwp%2Fv2%2Fmedia&parent=242"}],"curies":[{"name":"wp","href":"https:\/\/api.w.org\/{rel}","templated":true}]}}