{"id":249,"date":"2023-02-04T16:26:32","date_gmt":"2023-02-04T16:26:32","guid":{"rendered":"https:\/\/agnesperrais.com\/?page_id=249"},"modified":"2023-08-06T07:26:47","modified_gmt":"2023-08-06T07:26:47","slug":"navire","status":"publish","type":"page","link":"https:\/\/agnesperrais.com\/?page_id=249","title":{"rendered":"Navire"},"content":{"rendered":"\n<p class=\"has-small-font-size\">2017<br>Documentaire\/essai,<br>12 min &#8211; HD &#8211; noir et blanc et couleur<br>En co-r\u00e9alisation avec Lysa Heurtier Manzanares<\/p>\n\n\n\n<p class=\"has-small-font-size\"><em>Un navire miniature qui n\u2019a jamais vogu\u00e9. Des lettres d&#8217;amour jamais envoy\u00e9es. Des petits papiers roul\u00e9s dans les voiles. La mer tout autour qui laisse \u00e9merger une voix.<\/em><\/p>\n\n\n\n<p class=\"has-small-font-size\">Image, son, montage\u00a0: Agn\u00e8s Perrais et Lysa Heurtier Manzanares<br>\u00c0 partir des lettres de Lysa Heurtier Manzanares<br>Production\u00a0: <a href=\"http:\/\/www.quartettproduction.com\/fr\/portfolio\/navire\/\">Quartett production<\/a><br>Avec la voix de Manon Clavel<\/p>\n\n\n\n<p class=\"has-small-font-size\">S\u00e9lections&nbsp;:<br>Festival C\u00f4t\u00e9 Court de Pantin 2018&nbsp;\u2013&nbsp;<em>Panorama<\/em><br>New Directors New Films Espinho 2018<br>Beijing International Short Films Festival 2019<br>Mois du Film Documentaire Images en biblioth\u00e8ques<\/p>\n\n\n<div class=\"pgc-sgb-cb wp-block-pgcsimplygalleryblock-justified \" data-gallery-id=\"90194931\"><div class=\"sgb-preloader\" id=\"pr_90194931\">\n\t<div class=\"sgb-square\" style=\"background:#d4d4d4\"><\/div>\n\t<div class=\"sgb-square\" style=\"background:#d4d4d4\"><\/div>\n\t<div class=\"sgb-square\" style=\"background:#d4d4d4\"><\/div>\n\t<div class=\"sgb-square\" style=\"background:#d4d4d4\"><\/div><\/div><div class=\"simply-gallery-amp pgc_sgb_slider \" style=\"display: none;\"><div class=\"sgb-gallery\"><div class=\"sgb-item\"><a href=\"https:\/\/agnesperrais.com\/?attachment_id=709\" target=\"_blank\"><img decoding=\"async\" alt=\"\" width=\"300\" height=\"230\" loading=\"lazy\" src=\"http:\/\/agnesperrais.com\/wp-content\/uploads\/2023\/02\/Screenshot-2023-02-28-at-14.12.57-copy-300x230.jpg\" srcset=\"http:\/\/agnesperrais.com\/wp-content\/uploads\/2023\/02\/Screenshot-2023-02-28-at-14.12.57-copy-300x230.jpg 300w,http:\/\/agnesperrais.com\/wp-content\/uploads\/2023\/02\/Screenshot-2023-02-28-at-14.12.57-copy.jpg 822w\" sizes=\"auto, 250px\"\/><\/a><\/div><div class=\"sgb-item\"><a href=\"https:\/\/agnesperrais.com\/?attachment_id=710\" target=\"_blank\"><img decoding=\"async\" alt=\"\" width=\"300\" height=\"230\" loading=\"lazy\" src=\"http:\/\/agnesperrais.com\/wp-content\/uploads\/2023\/02\/Screenshot-2023-02-28-at-14.14.04-copy-300x230.jpg\" srcset=\"http:\/\/agnesperrais.com\/wp-content\/uploads\/2023\/02\/Screenshot-2023-02-28-at-14.14.04-copy-300x230.jpg 300w,http:\/\/agnesperrais.com\/wp-content\/uploads\/2023\/02\/Screenshot-2023-02-28-at-14.14.04-copy.jpg 822w\" sizes=\"auto, 250px\"\/><\/a><\/div><div class=\"sgb-item\"><a href=\"https:\/\/agnesperrais.com\/?attachment_id=712\" target=\"_blank\"><img decoding=\"async\" alt=\"\" width=\"300\" height=\"230\" loading=\"lazy\" src=\"http:\/\/agnesperrais.com\/wp-content\/uploads\/2023\/02\/Screenshot-2023-02-28-at-14.17.59-copy-300x230.jpg\" srcset=\"http:\/\/agnesperrais.com\/wp-content\/uploads\/2023\/02\/Screenshot-2023-02-28-at-14.17.59-copy-300x230.jpg 300w,http:\/\/agnesperrais.com\/wp-content\/uploads\/2023\/02\/Screenshot-2023-02-28-at-14.17.59-copy.jpg 822w\" sizes=\"auto, 250px\"\/><\/a><\/div><div class=\"sgb-item\"><a href=\"https:\/\/agnesperrais.com\/?attachment_id=713\" target=\"_blank\"><img decoding=\"async\" alt=\"\" width=\"300\" height=\"230\" loading=\"lazy\" src=\"http:\/\/agnesperrais.com\/wp-content\/uploads\/2023\/02\/Screenshot-2023-02-28-at-14.20.01-copy-300x230.jpg\" srcset=\"http:\/\/agnesperrais.com\/wp-content\/uploads\/2023\/02\/Screenshot-2023-02-28-at-14.20.01-copy-300x230.jpg 300w,http:\/\/agnesperrais.com\/wp-content\/uploads\/2023\/02\/Screenshot-2023-02-28-at-14.20.01-copy.jpg 822w\" sizes=\"auto, 250px\"\/><\/a><\/div><div class=\"sgb-item\"><a href=\"https:\/\/agnesperrais.com\/?attachment_id=715\" target=\"_blank\"><img decoding=\"async\" alt=\"\" width=\"300\" height=\"230\" loading=\"lazy\" src=\"http:\/\/agnesperrais.com\/wp-content\/uploads\/2023\/02\/Screenshot-2023-02-28-at-14.21.11-copy-300x230.jpg\" srcset=\"http:\/\/agnesperrais.com\/wp-content\/uploads\/2023\/02\/Screenshot-2023-02-28-at-14.21.11-copy-300x230.jpg 300w,http:\/\/agnesperrais.com\/wp-content\/uploads\/2023\/02\/Screenshot-2023-02-28-at-14.21.11-copy.jpg 822w\" sizes=\"auto, 250px\"\/><\/a><\/div><div class=\"sgb-item\"><a href=\"https:\/\/agnesperrais.com\/?attachment_id=711\" target=\"_blank\"><img decoding=\"async\" alt=\"\" width=\"300\" height=\"230\" loading=\"lazy\" src=\"http:\/\/agnesperrais.com\/wp-content\/uploads\/2023\/02\/Screenshot-2023-02-28-at-14.15.54-copy-300x230.jpg\" srcset=\"http:\/\/agnesperrais.com\/wp-content\/uploads\/2023\/02\/Screenshot-2023-02-28-at-14.15.54-copy-300x230.jpg 300w,http:\/\/agnesperrais.com\/wp-content\/uploads\/2023\/02\/Screenshot-2023-02-28-at-14.15.54-copy.jpg 822w\" sizes=\"auto, 250px\"\/><\/a><\/div><div class=\"sgb-item\"><a href=\"https:\/\/agnesperrais.com\/?attachment_id=714\" target=\"_blank\"><img decoding=\"async\" alt=\"\" width=\"300\" height=\"230\" loading=\"lazy\" src=\"http:\/\/agnesperrais.com\/wp-content\/uploads\/2023\/02\/Screenshot-2023-02-28-at-14.20.16-copy-300x230.jpg\" srcset=\"http:\/\/agnesperrais.com\/wp-content\/uploads\/2023\/02\/Screenshot-2023-02-28-at-14.20.16-copy-300x230.jpg 300w,http:\/\/agnesperrais.com\/wp-content\/uploads\/2023\/02\/Screenshot-2023-02-28-at-14.20.16-copy.jpg 822w\" sizes=\"auto, 250px\"\/><\/a><\/div><div class=\"sgb-item\"><a href=\"https:\/\/agnesperrais.com\/?attachment_id=43\" target=\"_blank\"><img decoding=\"async\" alt=\"\" width=\"200\" height=\"300\" loading=\"lazy\" src=\"http:\/\/agnesperrais.com\/wp-content\/uploads\/2023\/02\/Navire-affiche-200x300.jpeg\" srcset=\"http:\/\/agnesperrais.com\/wp-content\/uploads\/2023\/02\/Navire-affiche-200x300.jpeg 200w,http:\/\/agnesperrais.com\/wp-content\/uploads\/2023\/02\/Navire-affiche.jpeg 427w\" sizes=\"auto, 250px\"\/><\/a><\/div><\/div><\/div><script type=\"application\/json\" class=\"sgb-data\">{\"lastRowFill\":true,\"thumbSpacing\":9,\"collectionThumbSubMenuDownload\":false,\"collectionThumbSubMenuShare\":false,\"galleryType\":\"pgc_sgb_justified\",\"galleryId\":\"90194931\",\"images\":[{\"id\":709,\"title\":\"Screenshot 2023-02-28 at 14.12.57 copy\",\"url\":\"http:\/\/agnesperrais.com\/wp-content\/uploads\/2023\/02\/Screenshot-2023-02-28-at-14.12.57-copy.jpg\",\"link\":\"https:\/\/agnesperrais.com\/?attachment_id=709\",\"alt\":\"\",\"description\":\"\",\"caption\":\"\",\"mime\":\"image\/jpeg\",\"type\":\"image\",\"width\":822,\"height\":630,\"sizes\":{\"thumbnail\":{\"height\":150,\"width\":150,\"url\":\"http:\/\/agnesperrais.com\/wp-content\/uploads\/2023\/02\/Screenshot-2023-02-28-at-14.12.57-copy-150x150.jpg\",\"orientation\":\"landscape\"},\"medium\":{\"height\":230,\"width\":300,\"url\":\"http:\/\/agnesperrais.com\/wp-content\/uploads\/2023\/02\/Screenshot-2023-02-28-at-14.12.57-copy-300x230.jpg\",\"orientation\":\"landscape\"},\"full\":{\"url\":\"http:\/\/agnesperrais.com\/wp-content\/uploads\/2023\/02\/Screenshot-2023-02-28-at-14.12.57-copy.jpg\",\"height\":630,\"width\":822,\"orientation\":\"landscape\"}},\"meta\":false,\"postlink\":\"https:\/\/agnesperrais.com\/?attachment_id=709\"},{\"id\":710,\"title\":\"Screenshot 2023-02-28 at 14.14.04 copy\",\"url\":\"http:\/\/agnesperrais.com\/wp-content\/uploads\/2023\/02\/Screenshot-2023-02-28-at-14.14.04-copy.jpg\",\"link\":\"https:\/\/agnesperrais.com\/?attachment_id=710\",\"alt\":\"\",\"description\":\"\",\"caption\":\"\",\"mime\":\"image\/jpeg\",\"type\":\"image\",\"width\":822,\"height\":630,\"sizes\":{\"thumbnail\":{\"height\":150,\"width\":150,\"url\":\"http:\/\/agnesperrais.com\/wp-content\/uploads\/2023\/02\/Screenshot-2023-02-28-at-14.14.04-copy-150x150.jpg\",\"orientation\":\"landscape\"},\"medium\":{\"height\":230,\"width\":300,\"url\":\"http:\/\/agnesperrais.com\/wp-content\/uploads\/2023\/02\/Screenshot-2023-02-28-at-14.14.04-copy-300x230.jpg\",\"orientation\":\"landscape\"},\"full\":{\"url\":\"http:\/\/agnesperrais.com\/wp-content\/uploads\/2023\/02\/Screenshot-2023-02-28-at-14.14.04-copy.jpg\",\"height\":630,\"width\":822,\"orientation\":\"landscape\"}},\"meta\":false,\"postlink\":\"https:\/\/agnesperrais.com\/?attachment_id=710\"},{\"id\":712,\"title\":\"Screenshot 2023-02-28 at 14.17.59 copy\",\"url\":\"http:\/\/agnesperrais.com\/wp-content\/uploads\/2023\/02\/Screenshot-2023-02-28-at-14.17.59-copy.jpg\",\"link\":\"https:\/\/agnesperrais.com\/?attachment_id=712\",\"alt\":\"\",\"description\":\"\",\"caption\":\"\",\"mime\":\"image\/jpeg\",\"type\":\"image\",\"width\":822,\"height\":630,\"sizes\":{\"thumbnail\":{\"height\":150,\"width\":150,\"url\":\"http:\/\/agnesperrais.com\/wp-content\/uploads\/2023\/02\/Screenshot-2023-02-28-at-14.17.59-copy-150x150.jpg\",\"orientation\":\"landscape\"},\"medium\":{\"height\":230,\"width\":300,\"url\":\"http:\/\/agnesperrais.com\/wp-content\/uploads\/2023\/02\/Screenshot-2023-02-28-at-14.17.59-copy-300x230.jpg\",\"orientation\":\"landscape\"},\"full\":{\"url\":\"http:\/\/agnesperrais.com\/wp-content\/uploads\/2023\/02\/Screenshot-2023-02-28-at-14.17.59-copy.jpg\",\"height\":630,\"width\":822,\"orientation\":\"landscape\"}},\"meta\":false,\"postlink\":\"https:\/\/agnesperrais.com\/?attachment_id=712\"},{\"id\":713,\"title\":\"Screenshot 2023-02-28 at 14.20.01 copy\",\"url\":\"http:\/\/agnesperrais.com\/wp-content\/uploads\/2023\/02\/Screenshot-2023-02-28-at-14.20.01-copy.jpg\",\"link\":\"https:\/\/agnesperrais.com\/?attachment_id=713\",\"alt\":\"\",\"description\":\"\",\"caption\":\"\",\"mime\":\"image\/jpeg\",\"type\":\"image\",\"width\":822,\"height\":630,\"sizes\":{\"thumbnail\":{\"height\":150,\"width\":150,\"url\":\"http:\/\/agnesperrais.com\/wp-content\/uploads\/2023\/02\/Screenshot-2023-02-28-at-14.20.01-copy-150x150.jpg\",\"orientation\":\"landscape\"},\"medium\":{\"height\":230,\"width\":300,\"url\":\"http:\/\/agnesperrais.com\/wp-content\/uploads\/2023\/02\/Screenshot-2023-02-28-at-14.20.01-copy-300x230.jpg\",\"orientation\":\"landscape\"},\"full\":{\"url\":\"http:\/\/agnesperrais.com\/wp-content\/uploads\/2023\/02\/Screenshot-2023-02-28-at-14.20.01-copy.jpg\",\"height\":630,\"width\":822,\"orientation\":\"landscape\"}},\"meta\":false,\"postlink\":\"https:\/\/agnesperrais.com\/?attachment_id=713\"},{\"id\":715,\"title\":\"Screenshot 2023-02-28 at 14.21.11 copy\",\"url\":\"http:\/\/agnesperrais.com\/wp-content\/uploads\/2023\/02\/Screenshot-2023-02-28-at-14.21.11-copy.jpg\",\"link\":\"https:\/\/agnesperrais.com\/?attachment_id=715\",\"alt\":\"\",\"description\":\"\",\"caption\":\"\",\"mime\":\"image\/jpeg\",\"type\":\"image\",\"width\":822,\"height\":630,\"sizes\":{\"thumbnail\":{\"height\":150,\"width\":150,\"url\":\"http:\/\/agnesperrais.com\/wp-content\/uploads\/2023\/02\/Screenshot-2023-02-28-at-14.21.11-copy-150x150.jpg\",\"orientation\":\"landscape\"},\"medium\":{\"height\":230,\"width\":300,\"url\":\"http:\/\/agnesperrais.com\/wp-content\/uploads\/2023\/02\/Screenshot-2023-02-28-at-14.21.11-copy-300x230.jpg\",\"orientation\":\"landscape\"},\"full\":{\"url\":\"http:\/\/agnesperrais.com\/wp-content\/uploads\/2023\/02\/Screenshot-2023-02-28-at-14.21.11-copy.jpg\",\"height\":630,\"width\":822,\"orientation\":\"landscape\"}},\"meta\":false,\"postlink\":\"https:\/\/agnesperrais.com\/?attachment_id=715\"},{\"id\":711,\"title\":\"Screenshot 2023-02-28 at 14.15.54 copy\",\"url\":\"http:\/\/agnesperrais.com\/wp-content\/uploads\/2023\/02\/Screenshot-2023-02-28-at-14.15.54-copy.jpg\",\"link\":\"https:\/\/agnesperrais.com\/?attachment_id=711\",\"alt\":\"\",\"description\":\"\",\"caption\":\"\",\"mime\":\"image\/jpeg\",\"type\":\"image\",\"width\":822,\"height\":630,\"sizes\":{\"thumbnail\":{\"height\":150,\"width\":150,\"url\":\"http:\/\/agnesperrais.com\/wp-content\/uploads\/2023\/02\/Screenshot-2023-02-28-at-14.15.54-copy-150x150.jpg\",\"orientation\":\"landscape\"},\"medium\":{\"height\":230,\"width\":300,\"url\":\"http:\/\/agnesperrais.com\/wp-content\/uploads\/2023\/02\/Screenshot-2023-02-28-at-14.15.54-copy-300x230.jpg\",\"orientation\":\"landscape\"},\"full\":{\"url\":\"http:\/\/agnesperrais.com\/wp-content\/uploads\/2023\/02\/Screenshot-2023-02-28-at-14.15.54-copy.jpg\",\"height\":630,\"width\":822,\"orientation\":\"landscape\"}},\"meta\":false,\"postlink\":\"https:\/\/agnesperrais.com\/?attachment_id=711\"},{\"id\":714,\"title\":\"Screenshot 2023-02-28 at 14.20.16 copy\",\"url\":\"http:\/\/agnesperrais.com\/wp-content\/uploads\/2023\/02\/Screenshot-2023-02-28-at-14.20.16-copy.jpg\",\"link\":\"https:\/\/agnesperrais.com\/?attachment_id=714\",\"alt\":\"\",\"description\":\"\",\"caption\":\"\",\"mime\":\"image\/jpeg\",\"type\":\"image\",\"width\":822,\"height\":630,\"sizes\":{\"thumbnail\":{\"height\":150,\"width\":150,\"url\":\"http:\/\/agnesperrais.com\/wp-content\/uploads\/2023\/02\/Screenshot-2023-02-28-at-14.20.16-copy-150x150.jpg\",\"orientation\":\"landscape\"},\"medium\":{\"height\":230,\"width\":300,\"url\":\"http:\/\/agnesperrais.com\/wp-content\/uploads\/2023\/02\/Screenshot-2023-02-28-at-14.20.16-copy-300x230.jpg\",\"orientation\":\"landscape\"},\"full\":{\"url\":\"http:\/\/agnesperrais.com\/wp-content\/uploads\/2023\/02\/Screenshot-2023-02-28-at-14.20.16-copy.jpg\",\"height\":630,\"width\":822,\"orientation\":\"landscape\"}},\"meta\":false,\"postlink\":\"https:\/\/agnesperrais.com\/?attachment_id=714\"},{\"id\":43,\"title\":\"Navire affiche\",\"url\":\"http:\/\/agnesperrais.com\/wp-content\/uploads\/2023\/02\/Navire-affiche.jpeg\",\"link\":\"https:\/\/agnesperrais.com\/?attachment_id=43\",\"alt\":\"\",\"description\":\"\",\"caption\":\"\",\"mime\":\"image\/jpeg\",\"type\":\"image\",\"width\":427,\"height\":640,\"sizes\":{\"thumbnail\":{\"height\":150,\"width\":150,\"url\":\"http:\/\/agnesperrais.com\/wp-content\/uploads\/2023\/02\/Navire-affiche-150x150.jpeg\",\"orientation\":\"landscape\"},\"medium\":{\"height\":300,\"width\":200,\"url\":\"http:\/\/agnesperrais.com\/wp-content\/uploads\/2023\/02\/Navire-affiche-200x300.jpeg\",\"orientation\":\"portrait\"},\"full\":{\"url\":\"http:\/\/agnesperrais.com\/wp-content\/uploads\/2023\/02\/Navire-affiche.jpeg\",\"height\":640,\"width\":427,\"orientation\":\"portrait\"}},\"meta\":false,\"postlink\":\"https:\/\/agnesperrais.com\/?attachment_id=43\"}],\"itemsMetaDataCollection\":[],\"contentNoPadding\":true,\"sliderThumbBarEnable\":false,\"sliderBgColor\":\"rgba(0,0,0,1)\",\"sliderSocialShareEnabled\":false,\"sliderZoomEnable\":false,\"sliderFullscreenEnabled\":false}<\/script><script>(function(){if(window.PGC_SGB && window.PGC_SGB.searcher){window.PGC_SGB.searcher.initBlocks()}})()<\/script><\/div>","protected":false},"excerpt":{"rendered":"<p>2017Documentaire\/essai,12 min &#8211; HD &#8211; noir et blanc et couleurEn co-r\u00e9alisation avec Lysa Heurtier Manzanares Un navire miniature qui n\u2019a jamais vogu\u00e9. Des lettres d&#8217;amour jamais envoy\u00e9es. Des petits papiers roul\u00e9s dans les voiles. La mer tout autour qui laisse \u00e9merger une voix. Image, son, montage\u00a0: Agn\u00e8s Perrais et Lysa Heurtier Manzanares\u00c0 partir des lettres &hellip; <a href=\"https:\/\/agnesperrais.com\/?page_id=249\" class=\"more-link\">Continue reading <span class=\"screen-reader-text\">Navire<\/span><\/a><\/p>\n","protected":false},"author":1,"featured_media":0,"parent":0,"menu_order":0,"comment_status":"closed","ping_status":"closed","template":"","meta":{"pgc_sgb_lightbox_settings":"","footnotes":""},"class_list":["post-249","page","type-page","status-publish","hentry"],"_links":{"self":[{"href":"https:\/\/agnesperrais.com\/index.php?rest_route=\/wp\/v2\/pages\/249","targetHints":{"allow":["GET"]}}],"collection":[{"href":"https:\/\/agnesperrais.com\/index.php?rest_route=\/wp\/v2\/pages"}],"about":[{"href":"https:\/\/agnesperrais.com\/index.php?rest_route=\/wp\/v2\/types\/page"}],"author":[{"embeddable":true,"href":"https:\/\/agnesperrais.com\/index.php?rest_route=\/wp\/v2\/users\/1"}],"replies":[{"embeddable":true,"href":"https:\/\/agnesperrais.com\/index.php?rest_route=%2Fwp%2Fv2%2Fcomments&post=249"}],"version-history":[{"count":18,"href":"https:\/\/agnesperrais.com\/index.php?rest_route=\/wp\/v2\/pages\/249\/revisions"}],"predecessor-version":[{"id":856,"href":"https:\/\/agnesperrais.com\/index.php?rest_route=\/wp\/v2\/pages\/249\/revisions\/856"}],"wp:attachment":[{"href":"https:\/\/agnesperrais.com\/index.php?rest_route=%2Fwp%2Fv2%2Fmedia&parent=249"}],"curies":[{"name":"wp","href":"https:\/\/api.w.org\/{rel}","templated":true}]}}