{"id":255,"date":"2023-02-04T16:27:48","date_gmt":"2023-02-04T16:27:48","guid":{"rendered":"https:\/\/agnesperrais.com\/?page_id=255"},"modified":"2023-08-06T07:27:48","modified_gmt":"2023-08-06T07:27:48","slug":"magari","status":"publish","type":"page","link":"https:\/\/agnesperrais.com\/?page_id=255","title":{"rendered":"Magari !"},"content":{"rendered":"\n<p class=\"has-small-font-size\">2019<br>Documentaire<br>97 min &#8211; HD &#8211; couleur<\/p>\n\n\n\n<p class=\"has-small-font-size\"><em>Scala Coeli, un village perch\u00e9 dans les montagnes de Calabre. Comme chaque mois d\u2019ao\u00fbt, Filomena, jeune calabraise expatri\u00e9e \u00e0 Paris, y retrouve les siens, les joies de l\u2019\u00e9t\u00e9 et de ses f\u00eates, mais aussi les probl\u00e8mes qui s\u2019accumulent et l\u2019exode des jeunes g\u00e9n\u00e9rations qui continue. Entre d\u00e9bats politiques et dilemmes familiaux, la chaleur d\u2019\u00eatre ensemble redonne la force de questionner l\u2019avenir de ce territoire aux marges de l\u2019Europe.<\/em><\/p>\n\n\n\n<p class=\"has-small-font-size\">Avec Filomena Fazio, Franco et Mena Fazio, Paolo Diletto&#8230;<br>Image\u00a0: Fr\u00e9d\u00e9rique Menant\u00a0\/ son\u00a0: Emmanuel Falgui\u00e8res \/ montage\u00a0: Cyrielle Faure<br>Production\u00a0: <a href=\"http:\/\/www.primaluce.fr\/portfolio\/magari\/\">Prima Luce<\/a>\/Film-flamme &#8211;<a href=\"https:\/\/www.facebook.com\/lepolygoneetoile\"> Polygone Etoil\u00e9<\/a><\/p>\n\n\n<div class=\"pgc-sgb-cb wp-block-pgcsimplygalleryblock-justified \" data-gallery-id=\"ab435887\"><div class=\"sgb-preloader\" id=\"pr_ab435887\">\n\t<div class=\"sgb-square\" style=\"background:#d4d4d4\"><\/div>\n\t<div class=\"sgb-square\" style=\"background:#d4d4d4\"><\/div>\n\t<div class=\"sgb-square\" style=\"background:#d4d4d4\"><\/div>\n\t<div class=\"sgb-square\" style=\"background:#d4d4d4\"><\/div><\/div><div class=\"simply-gallery-amp pgc_sgb_slider \" style=\"display: none;\"><div class=\"sgb-gallery\"><div class=\"sgb-item\"><a href=\"https:\/\/agnesperrais.com\/?attachment_id=89\" target=\"_blank\"><img decoding=\"async\" alt=\"\" width=\"300\" height=\"167\" loading=\"lazy\" src=\"http:\/\/agnesperrais.com\/wp-content\/uploads\/2023\/02\/Magari-17-copy-300x167.jpg\" srcset=\"http:\/\/agnesperrais.com\/wp-content\/uploads\/2023\/02\/Magari-17-copy-300x167.jpg 300w,http:\/\/agnesperrais.com\/wp-content\/uploads\/2023\/02\/Magari-17-copy-1024x570.jpg 660w,http:\/\/agnesperrais.com\/wp-content\/uploads\/2023\/02\/Magari-17-copy.jpg 1209w\" sizes=\"auto, 250px\"\/><\/a><\/div><div class=\"sgb-item\"><a href=\"https:\/\/agnesperrais.com\/?attachment_id=90\" target=\"_blank\"><img decoding=\"async\" alt=\"\" width=\"300\" height=\"168\" loading=\"lazy\" src=\"http:\/\/agnesperrais.com\/wp-content\/uploads\/2023\/02\/Magari_Discours-copy-300x168.jpg\" srcset=\"http:\/\/agnesperrais.com\/wp-content\/uploads\/2023\/02\/Magari_Discours-copy-300x168.jpg 300w,http:\/\/agnesperrais.com\/wp-content\/uploads\/2023\/02\/Magari_Discours-copy-1024x573.jpg 660w,http:\/\/agnesperrais.com\/wp-content\/uploads\/2023\/02\/Magari_Discours-copy.jpg 1211w\" sizes=\"auto, 250px\"\/><\/a><\/div><div class=\"sgb-item\"><a href=\"https:\/\/agnesperrais.com\/?attachment_id=88\" target=\"_blank\"><img decoding=\"async\" alt=\"\" width=\"300\" height=\"168\" loading=\"lazy\" src=\"http:\/\/agnesperrais.com\/wp-content\/uploads\/2023\/02\/Magari-10-copy-300x168.jpg\" srcset=\"http:\/\/agnesperrais.com\/wp-content\/uploads\/2023\/02\/Magari-10-copy-300x168.jpg 300w,http:\/\/agnesperrais.com\/wp-content\/uploads\/2023\/02\/Magari-10-copy-1024x572.jpg 660w,http:\/\/agnesperrais.com\/wp-content\/uploads\/2023\/02\/Magari-10-copy.jpg 1205w\" sizes=\"auto, 250px\"\/><\/a><\/div><div class=\"sgb-item\"><a href=\"https:\/\/agnesperrais.com\/?attachment_id=87\" target=\"_blank\"><img decoding=\"async\" alt=\"\" width=\"300\" height=\"167\" loading=\"lazy\" src=\"http:\/\/agnesperrais.com\/wp-content\/uploads\/2023\/02\/Magari-9-copy-300x167.jpg\" srcset=\"http:\/\/agnesperrais.com\/wp-content\/uploads\/2023\/02\/Magari-9-copy-300x167.jpg 300w,http:\/\/agnesperrais.com\/wp-content\/uploads\/2023\/02\/Magari-9-copy-1024x570.jpg 660w,http:\/\/agnesperrais.com\/wp-content\/uploads\/2023\/02\/Magari-9-copy.jpg 1210w\" sizes=\"auto, 250px\"\/><\/a><\/div><div class=\"sgb-item\"><a href=\"https:\/\/agnesperrais.com\/?attachment_id=86\" target=\"_blank\"><img decoding=\"async\" alt=\"\" width=\"300\" height=\"168\" loading=\"lazy\" src=\"http:\/\/agnesperrais.com\/wp-content\/uploads\/2023\/02\/Magari-7-copy-300x168.jpg\" srcset=\"http:\/\/agnesperrais.com\/wp-content\/uploads\/2023\/02\/Magari-7-copy-300x168.jpg 300w,http:\/\/agnesperrais.com\/wp-content\/uploads\/2023\/02\/Magari-7-copy-1024x574.jpg 660w,http:\/\/agnesperrais.com\/wp-content\/uploads\/2023\/02\/Magari-7-copy.jpg 1210w\" sizes=\"auto, 250px\"\/><\/a><\/div><\/div><\/div><script type=\"application\/json\" class=\"sgb-data\">{\"lastRowFill\":true,\"collectionThumbRecomendedHeight\":150,\"thumbSpacing\":9,\"collectionThumbSubMenuDownload\":false,\"collectionThumbSubMenuShare\":false,\"galleryType\":\"pgc_sgb_justified\",\"galleryId\":\"ab435887\",\"images\":[{\"id\":89,\"title\":\"Magari 17 copy\",\"url\":\"http:\/\/agnesperrais.com\/wp-content\/uploads\/2023\/02\/Magari-17-copy.jpg\",\"link\":\"https:\/\/agnesperrais.com\/?attachment_id=89\",\"alt\":\"\",\"description\":\"\",\"caption\":\"\",\"mime\":\"image\/jpeg\",\"type\":\"image\",\"width\":1209,\"height\":673,\"sizes\":{\"thumbnail\":{\"height\":150,\"width\":150,\"url\":\"http:\/\/agnesperrais.com\/wp-content\/uploads\/2023\/02\/Magari-17-copy-150x150.jpg\",\"orientation\":\"landscape\"},\"medium\":{\"height\":167,\"width\":300,\"url\":\"http:\/\/agnesperrais.com\/wp-content\/uploads\/2023\/02\/Magari-17-copy-300x167.jpg\",\"orientation\":\"landscape\"},\"large\":{\"height\":367,\"width\":660,\"url\":\"http:\/\/agnesperrais.com\/wp-content\/uploads\/2023\/02\/Magari-17-copy-1024x570.jpg\",\"orientation\":\"landscape\"},\"full\":{\"url\":\"http:\/\/agnesperrais.com\/wp-content\/uploads\/2023\/02\/Magari-17-copy.jpg\",\"height\":673,\"width\":1209,\"orientation\":\"landscape\"}},\"meta\":false,\"postlink\":\"https:\/\/agnesperrais.com\/?attachment_id=89\"},{\"id\":90,\"title\":\"Magari_Discours copy\",\"url\":\"http:\/\/agnesperrais.com\/wp-content\/uploads\/2023\/02\/Magari_Discours-copy.jpg\",\"link\":\"https:\/\/agnesperrais.com\/?attachment_id=90\",\"alt\":\"\",\"description\":\"\",\"caption\":\"\",\"mime\":\"image\/jpeg\",\"type\":\"image\",\"width\":1211,\"height\":678,\"sizes\":{\"thumbnail\":{\"height\":150,\"width\":150,\"url\":\"http:\/\/agnesperrais.com\/wp-content\/uploads\/2023\/02\/Magari_Discours-copy-150x150.jpg\",\"orientation\":\"landscape\"},\"medium\":{\"height\":168,\"width\":300,\"url\":\"http:\/\/agnesperrais.com\/wp-content\/uploads\/2023\/02\/Magari_Discours-copy-300x168.jpg\",\"orientation\":\"landscape\"},\"large\":{\"height\":369,\"width\":660,\"url\":\"http:\/\/agnesperrais.com\/wp-content\/uploads\/2023\/02\/Magari_Discours-copy-1024x573.jpg\",\"orientation\":\"landscape\"},\"full\":{\"url\":\"http:\/\/agnesperrais.com\/wp-content\/uploads\/2023\/02\/Magari_Discours-copy.jpg\",\"height\":678,\"width\":1211,\"orientation\":\"landscape\"}},\"meta\":false,\"postlink\":\"https:\/\/agnesperrais.com\/?attachment_id=90\"},{\"id\":88,\"title\":\"Magari 10 copy\",\"url\":\"http:\/\/agnesperrais.com\/wp-content\/uploads\/2023\/02\/Magari-10-copy.jpg\",\"link\":\"https:\/\/agnesperrais.com\/?attachment_id=88\",\"alt\":\"\",\"description\":\"\",\"caption\":\"\",\"mime\":\"image\/jpeg\",\"type\":\"image\",\"width\":1205,\"height\":673,\"sizes\":{\"thumbnail\":{\"height\":150,\"width\":150,\"url\":\"http:\/\/agnesperrais.com\/wp-content\/uploads\/2023\/02\/Magari-10-copy-150x150.jpg\",\"orientation\":\"landscape\"},\"medium\":{\"height\":168,\"width\":300,\"url\":\"http:\/\/agnesperrais.com\/wp-content\/uploads\/2023\/02\/Magari-10-copy-300x168.jpg\",\"orientation\":\"landscape\"},\"large\":{\"height\":369,\"width\":660,\"url\":\"http:\/\/agnesperrais.com\/wp-content\/uploads\/2023\/02\/Magari-10-copy-1024x572.jpg\",\"orientation\":\"landscape\"},\"full\":{\"url\":\"http:\/\/agnesperrais.com\/wp-content\/uploads\/2023\/02\/Magari-10-copy.jpg\",\"height\":673,\"width\":1205,\"orientation\":\"landscape\"}},\"meta\":false,\"postlink\":\"https:\/\/agnesperrais.com\/?attachment_id=88\"},{\"id\":87,\"title\":\"Magari 9 copy\",\"url\":\"http:\/\/agnesperrais.com\/wp-content\/uploads\/2023\/02\/Magari-9-copy.jpg\",\"link\":\"https:\/\/agnesperrais.com\/?attachment_id=87\",\"alt\":\"\",\"description\":\"\",\"caption\":\"\",\"mime\":\"image\/jpeg\",\"type\":\"image\",\"width\":1210,\"height\":673,\"sizes\":{\"thumbnail\":{\"height\":150,\"width\":150,\"url\":\"http:\/\/agnesperrais.com\/wp-content\/uploads\/2023\/02\/Magari-9-copy-150x150.jpg\",\"orientation\":\"landscape\"},\"medium\":{\"height\":167,\"width\":300,\"url\":\"http:\/\/agnesperrais.com\/wp-content\/uploads\/2023\/02\/Magari-9-copy-300x167.jpg\",\"orientation\":\"landscape\"},\"large\":{\"height\":367,\"width\":660,\"url\":\"http:\/\/agnesperrais.com\/wp-content\/uploads\/2023\/02\/Magari-9-copy-1024x570.jpg\",\"orientation\":\"landscape\"},\"full\":{\"url\":\"http:\/\/agnesperrais.com\/wp-content\/uploads\/2023\/02\/Magari-9-copy.jpg\",\"height\":673,\"width\":1210,\"orientation\":\"landscape\"}},\"meta\":false,\"postlink\":\"https:\/\/agnesperrais.com\/?attachment_id=87\"},{\"id\":86,\"title\":\"Magari 7 copy\",\"url\":\"http:\/\/agnesperrais.com\/wp-content\/uploads\/2023\/02\/Magari-7-copy.jpg\",\"link\":\"https:\/\/agnesperrais.com\/?attachment_id=86\",\"alt\":\"\",\"description\":\"\",\"caption\":\"\",\"mime\":\"image\/jpeg\",\"type\":\"image\",\"width\":1210,\"height\":678,\"sizes\":{\"thumbnail\":{\"height\":150,\"width\":150,\"url\":\"http:\/\/agnesperrais.com\/wp-content\/uploads\/2023\/02\/Magari-7-copy-150x150.jpg\",\"orientation\":\"landscape\"},\"medium\":{\"height\":168,\"width\":300,\"url\":\"http:\/\/agnesperrais.com\/wp-content\/uploads\/2023\/02\/Magari-7-copy-300x168.jpg\",\"orientation\":\"landscape\"},\"large\":{\"height\":370,\"width\":660,\"url\":\"http:\/\/agnesperrais.com\/wp-content\/uploads\/2023\/02\/Magari-7-copy-1024x574.jpg\",\"orientation\":\"landscape\"},\"full\":{\"url\":\"http:\/\/agnesperrais.com\/wp-content\/uploads\/2023\/02\/Magari-7-copy.jpg\",\"height\":678,\"width\":1210,\"orientation\":\"landscape\"}},\"meta\":false,\"postlink\":\"https:\/\/agnesperrais.com\/?attachment_id=86\"}],\"itemsMetaDataCollection\":[],\"contentNoPadding\":true,\"sliderThumbBarEnable\":false,\"sliderBgColor\":\"rgba(0,0,0,1)\",\"sliderSocialShareEnabled\":false,\"sliderZoomEnable\":false,\"sliderFullscreenEnabled\":false}<\/script><script>(function(){if(window.PGC_SGB && window.PGC_SGB.searcher){window.PGC_SGB.searcher.initBlocks()}})()<\/script><\/div>","protected":false},"excerpt":{"rendered":"<p>2019Documentaire97 min &#8211; HD &#8211; couleur Scala Coeli, un village perch\u00e9 dans les montagnes de Calabre. Comme chaque mois d\u2019ao\u00fbt, Filomena, jeune calabraise expatri\u00e9e \u00e0 Paris, y retrouve les siens, les joies de l\u2019\u00e9t\u00e9 et de ses f\u00eates, mais aussi les probl\u00e8mes qui s\u2019accumulent et l\u2019exode des jeunes g\u00e9n\u00e9rations qui continue. Entre d\u00e9bats politiques et &hellip; <a href=\"https:\/\/agnesperrais.com\/?page_id=255\" class=\"more-link\">Continue reading <span class=\"screen-reader-text\">Magari !<\/span><\/a><\/p>\n","protected":false},"author":1,"featured_media":0,"parent":0,"menu_order":0,"comment_status":"closed","ping_status":"closed","template":"","meta":{"pgc_sgb_lightbox_settings":"","footnotes":""},"class_list":["post-255","page","type-page","status-publish","hentry"],"_links":{"self":[{"href":"https:\/\/agnesperrais.com\/index.php?rest_route=\/wp\/v2\/pages\/255","targetHints":{"allow":["GET"]}}],"collection":[{"href":"https:\/\/agnesperrais.com\/index.php?rest_route=\/wp\/v2\/pages"}],"about":[{"href":"https:\/\/agnesperrais.com\/index.php?rest_route=\/wp\/v2\/types\/page"}],"author":[{"embeddable":true,"href":"https:\/\/agnesperrais.com\/index.php?rest_route=\/wp\/v2\/users\/1"}],"replies":[{"embeddable":true,"href":"https:\/\/agnesperrais.com\/index.php?rest_route=%2Fwp%2Fv2%2Fcomments&post=255"}],"version-history":[{"count":10,"href":"https:\/\/agnesperrais.com\/index.php?rest_route=\/wp\/v2\/pages\/255\/revisions"}],"predecessor-version":[{"id":858,"href":"https:\/\/agnesperrais.com\/index.php?rest_route=\/wp\/v2\/pages\/255\/revisions\/858"}],"wp:attachment":[{"href":"https:\/\/agnesperrais.com\/index.php?rest_route=%2Fwp%2Fv2%2Fmedia&parent=255"}],"curies":[{"name":"wp","href":"https:\/\/api.w.org\/{rel}","templated":true}]}}