{"id":258,"date":"2023-02-04T16:28:23","date_gmt":"2023-02-04T16:28:23","guid":{"rendered":"https:\/\/agnesperrais.com\/?page_id=258"},"modified":"2023-08-06T07:28:33","modified_gmt":"2023-08-06T07:28:33","slug":"tant-que-nous-sommes-a-bord","status":"publish","type":"page","link":"https:\/\/agnesperrais.com\/?page_id=258","title":{"rendered":"Tant que nous sommes \u00e0 bord"},"content":{"rendered":"\n<p style=\"font-size:14px\">2014<br>Documentaire<br>61 min &#8211; HD &#8211; couleur<\/p>\n\n\n\n<p class=\"has-small-font-size\"><em>Saint-Nazaire, les chantiers de construction navale. De minces silhouettes sur des machines gigantesques, des bateaux qui partiront naviguer sur l&#8217;oc\u00e9an : entre le quotidien de la vie ouvri\u00e8re, l\u2019exp\u00e9rience des marins, et le r\u00eave d&#8217;un ailleurs, quelle place pour un imaginaire au c\u0153ur de l&#8217;industrie ?<\/em><\/p>\n\n\n\n<p style=\"font-size:14px\">Image\u00a0: Agn\u00e8s Perrais \/ son, montage, \u00e9talonnage: S\u00e9bastien Descoins \/ montage son, mixage\u00a0: Anne Sabatelli<br>Avec le texte de Fernando Pessoa &#8220;Oda mar\u00edtima&#8221;, dit par Joana Barbosa Rebelo<br>Production\u00a0: <a href=\"http:\/\/www.primaluce.fr\/portfolio\/tant-que-nous-sommes-a-bord\/\">Prima Luce<\/a>, diffusion\u00a0: T\u00e9l\u00e9nantes<\/p>\n\n\n\n<p style=\"font-size:14px\">Festivals&nbsp;:<br>A nous de voir, Oullins, 2014<br>Images en biblioth\u00e8que 2014<br><\/p>\n\n\n<div class=\"pgc-sgb-cb wp-block-pgcsimplygalleryblock-justified \" data-gallery-id=\"61107313\"><div class=\"sgb-preloader\" id=\"pr_61107313\">\n\t<div class=\"sgb-square\" style=\"background:#d4d4d4\"><\/div>\n\t<div class=\"sgb-square\" style=\"background:#d4d4d4\"><\/div>\n\t<div class=\"sgb-square\" style=\"background:#d4d4d4\"><\/div>\n\t<div class=\"sgb-square\" style=\"background:#d4d4d4\"><\/div><\/div><div class=\"simply-gallery-amp pgc_sgb_slider \" style=\"display: none;\"><div class=\"sgb-gallery\"><div class=\"sgb-item\"><a href=\"https:\/\/agnesperrais.com\/?attachment_id=683\" target=\"_blank\"><img decoding=\"async\" alt=\"\" width=\"300\" height=\"168\" loading=\"lazy\" src=\"http:\/\/agnesperrais.com\/wp-content\/uploads\/2023\/02\/Onego-port-copy-300x168.jpg\" srcset=\"http:\/\/agnesperrais.com\/wp-content\/uploads\/2023\/02\/Onego-port-copy-300x168.jpg 300w,http:\/\/agnesperrais.com\/wp-content\/uploads\/2023\/02\/Onego-port-copy-1024x574.jpg 660w,http:\/\/agnesperrais.com\/wp-content\/uploads\/2023\/02\/Onego-port-copy.jpg 1139w\" sizes=\"auto, 250px\"\/><\/a><\/div><div class=\"sgb-item\"><a href=\"https:\/\/agnesperrais.com\/?attachment_id=689\" target=\"_blank\"><img decoding=\"async\" alt=\"\" width=\"300\" height=\"167\" loading=\"lazy\" src=\"http:\/\/agnesperrais.com\/wp-content\/uploads\/2023\/02\/gerbe-300x167.jpg\" srcset=\"http:\/\/agnesperrais.com\/wp-content\/uploads\/2023\/02\/gerbe-300x167.jpg 300w,http:\/\/agnesperrais.com\/wp-content\/uploads\/2023\/02\/gerbe-1024x570.jpg 660w,http:\/\/agnesperrais.com\/wp-content\/uploads\/2023\/02\/gerbe.jpg 1171w\" sizes=\"auto, 250px\"\/><\/a><\/div><div class=\"sgb-item\"><a href=\"https:\/\/agnesperrais.com\/?attachment_id=691\" target=\"_blank\"><img decoding=\"async\" alt=\"\" width=\"300\" height=\"169\" loading=\"lazy\" src=\"http:\/\/agnesperrais.com\/wp-content\/uploads\/2023\/02\/coque-champlain-copy-300x169.jpg\" srcset=\"http:\/\/agnesperrais.com\/wp-content\/uploads\/2023\/02\/coque-champlain-copy-300x169.jpg 300w,http:\/\/agnesperrais.com\/wp-content\/uploads\/2023\/02\/coque-champlain-copy-1024x576.jpg 660w,http:\/\/agnesperrais.com\/wp-content\/uploads\/2023\/02\/coque-champlain-copy.jpg 1169w\" sizes=\"auto, 250px\"\/><\/a><\/div><div class=\"sgb-item\"><a href=\"https:\/\/agnesperrais.com\/?attachment_id=690\" target=\"_blank\"><img decoding=\"async\" alt=\"\" width=\"300\" height=\"168\" loading=\"lazy\" src=\"http:\/\/agnesperrais.com\/wp-content\/uploads\/2023\/02\/pierrick-copy-300x168.jpg\" srcset=\"http:\/\/agnesperrais.com\/wp-content\/uploads\/2023\/02\/pierrick-copy-300x168.jpg 300w,http:\/\/agnesperrais.com\/wp-content\/uploads\/2023\/02\/pierrick-copy-1024x572.jpg 660w,http:\/\/agnesperrais.com\/wp-content\/uploads\/2023\/02\/pierrick-copy.jpg 1171w\" sizes=\"auto, 250px\"\/><\/a><\/div><div class=\"sgb-item\"><a href=\"https:\/\/agnesperrais.com\/?attachment_id=682\" target=\"_blank\"><img decoding=\"async\" alt=\"\" width=\"300\" height=\"169\" loading=\"lazy\" src=\"http:\/\/agnesperrais.com\/wp-content\/uploads\/2023\/02\/Mecasoud-300x169.jpg\" srcset=\"http:\/\/agnesperrais.com\/wp-content\/uploads\/2023\/02\/Mecasoud-300x169.jpg 300w,http:\/\/agnesperrais.com\/wp-content\/uploads\/2023\/02\/Mecasoud-1024x575.jpg 660w,http:\/\/agnesperrais.com\/wp-content\/uploads\/2023\/02\/Mecasoud.jpg 1171w\" sizes=\"auto, 250px\"\/><\/a><\/div><div class=\"sgb-item\"><a href=\"https:\/\/agnesperrais.com\/?attachment_id=687\" target=\"_blank\"><img decoding=\"async\" alt=\"\" width=\"300\" height=\"168\" loading=\"lazy\" src=\"http:\/\/agnesperrais.com\/wp-content\/uploads\/2023\/02\/stx-copy-300x168.jpg\" srcset=\"http:\/\/agnesperrais.com\/wp-content\/uploads\/2023\/02\/stx-copy-300x168.jpg 300w,http:\/\/agnesperrais.com\/wp-content\/uploads\/2023\/02\/stx-copy-1024x573.jpg 660w,http:\/\/agnesperrais.com\/wp-content\/uploads\/2023\/02\/stx-copy.jpg 1174w\" sizes=\"auto, 250px\"\/><\/a><\/div><div class=\"sgb-item\"><a href=\"https:\/\/agnesperrais.com\/?attachment_id=692\" target=\"_blank\"><img decoding=\"async\" alt=\"\" width=\"300\" height=\"168\" loading=\"lazy\" src=\"http:\/\/agnesperrais.com\/wp-content\/uploads\/2023\/02\/Petrolier-300x168.jpg\" srcset=\"http:\/\/agnesperrais.com\/wp-content\/uploads\/2023\/02\/Petrolier-300x168.jpg 300w,http:\/\/agnesperrais.com\/wp-content\/uploads\/2023\/02\/Petrolier-1024x573.jpg 660w,http:\/\/agnesperrais.com\/wp-content\/uploads\/2023\/02\/Petrolier.jpg 1170w\" sizes=\"auto, 250px\"\/><\/a><\/div><div class=\"sgb-item\"><a href=\"https:\/\/agnesperrais.com\/?attachment_id=681\" target=\"_blank\"><img decoding=\"async\" alt=\"\" width=\"300\" height=\"168\" loading=\"lazy\" src=\"http:\/\/agnesperrais.com\/wp-content\/uploads\/2023\/02\/grutier-copy-300x168.jpg\" srcset=\"http:\/\/agnesperrais.com\/wp-content\/uploads\/2023\/02\/grutier-copy-300x168.jpg 300w,http:\/\/agnesperrais.com\/wp-content\/uploads\/2023\/02\/grutier-copy-1024x575.jpg 660w,http:\/\/agnesperrais.com\/wp-content\/uploads\/2023\/02\/grutier-copy.jpg 1170w\" sizes=\"auto, 250px\"\/><\/a><\/div><\/div><\/div><script type=\"application\/json\" class=\"sgb-data\">{\"lastRowFill\":true,\"collectionThumbRecomendedHeight\":150,\"thumbSpacing\":9,\"collectionThumbSubMenuDownload\":false,\"collectionThumbSubMenuShare\":false,\"galleryType\":\"pgc_sgb_justified\",\"galleryId\":\"61107313\",\"images\":[{\"id\":683,\"title\":\"Onego port copy\",\"url\":\"http:\/\/agnesperrais.com\/wp-content\/uploads\/2023\/02\/Onego-port-copy.jpg\",\"link\":\"https:\/\/agnesperrais.com\/?attachment_id=683\",\"alt\":\"\",\"description\":\"\",\"caption\":\"\",\"mime\":\"image\/jpeg\",\"type\":\"image\",\"width\":1139,\"height\":639,\"sizes\":{\"thumbnail\":{\"height\":150,\"width\":150,\"url\":\"http:\/\/agnesperrais.com\/wp-content\/uploads\/2023\/02\/Onego-port-copy-150x150.jpg\",\"orientation\":\"landscape\"},\"medium\":{\"height\":168,\"width\":300,\"url\":\"http:\/\/agnesperrais.com\/wp-content\/uploads\/2023\/02\/Onego-port-copy-300x168.jpg\",\"orientation\":\"landscape\"},\"large\":{\"height\":370,\"width\":660,\"url\":\"http:\/\/agnesperrais.com\/wp-content\/uploads\/2023\/02\/Onego-port-copy-1024x574.jpg\",\"orientation\":\"landscape\"},\"full\":{\"url\":\"http:\/\/agnesperrais.com\/wp-content\/uploads\/2023\/02\/Onego-port-copy.jpg\",\"height\":639,\"width\":1139,\"orientation\":\"landscape\"}},\"meta\":false,\"postlink\":\"https:\/\/agnesperrais.com\/?attachment_id=683\"},{\"id\":689,\"title\":\"gerbe\",\"url\":\"http:\/\/agnesperrais.com\/wp-content\/uploads\/2023\/02\/gerbe.jpg\",\"link\":\"https:\/\/agnesperrais.com\/?attachment_id=689\",\"alt\":\"\",\"description\":\"\",\"caption\":\"\",\"mime\":\"image\/jpeg\",\"type\":\"image\",\"width\":1171,\"height\":652,\"sizes\":{\"thumbnail\":{\"height\":150,\"width\":150,\"url\":\"http:\/\/agnesperrais.com\/wp-content\/uploads\/2023\/02\/gerbe-150x150.jpg\",\"orientation\":\"landscape\"},\"medium\":{\"height\":167,\"width\":300,\"url\":\"http:\/\/agnesperrais.com\/wp-content\/uploads\/2023\/02\/gerbe-300x167.jpg\",\"orientation\":\"landscape\"},\"large\":{\"height\":367,\"width\":660,\"url\":\"http:\/\/agnesperrais.com\/wp-content\/uploads\/2023\/02\/gerbe-1024x570.jpg\",\"orientation\":\"landscape\"},\"full\":{\"url\":\"http:\/\/agnesperrais.com\/wp-content\/uploads\/2023\/02\/gerbe.jpg\",\"height\":652,\"width\":1171,\"orientation\":\"landscape\"}},\"meta\":false,\"postlink\":\"https:\/\/agnesperrais.com\/?attachment_id=689\"},{\"id\":691,\"title\":\"coque champlain copy\",\"url\":\"http:\/\/agnesperrais.com\/wp-content\/uploads\/2023\/02\/coque-champlain-copy.jpg\",\"link\":\"https:\/\/agnesperrais.com\/?attachment_id=691\",\"alt\":\"\",\"description\":\"\",\"caption\":\"\",\"mime\":\"image\/jpeg\",\"type\":\"image\",\"width\":1169,\"height\":657,\"sizes\":{\"thumbnail\":{\"height\":150,\"width\":150,\"url\":\"http:\/\/agnesperrais.com\/wp-content\/uploads\/2023\/02\/coque-champlain-copy-150x150.jpg\",\"orientation\":\"landscape\"},\"medium\":{\"height\":169,\"width\":300,\"url\":\"http:\/\/agnesperrais.com\/wp-content\/uploads\/2023\/02\/coque-champlain-copy-300x169.jpg\",\"orientation\":\"landscape\"},\"large\":{\"height\":371,\"width\":660,\"url\":\"http:\/\/agnesperrais.com\/wp-content\/uploads\/2023\/02\/coque-champlain-copy-1024x576.jpg\",\"orientation\":\"landscape\"},\"full\":{\"url\":\"http:\/\/agnesperrais.com\/wp-content\/uploads\/2023\/02\/coque-champlain-copy.jpg\",\"height\":657,\"width\":1169,\"orientation\":\"landscape\"}},\"meta\":false,\"postlink\":\"https:\/\/agnesperrais.com\/?attachment_id=691\"},{\"id\":690,\"title\":\"pierrick copy\",\"url\":\"http:\/\/agnesperrais.com\/wp-content\/uploads\/2023\/02\/pierrick-copy.jpg\",\"link\":\"https:\/\/agnesperrais.com\/?attachment_id=690\",\"alt\":\"\",\"description\":\"\",\"caption\":\"\",\"mime\":\"image\/jpeg\",\"type\":\"image\",\"width\":1171,\"height\":654,\"sizes\":{\"thumbnail\":{\"height\":150,\"width\":150,\"url\":\"http:\/\/agnesperrais.com\/wp-content\/uploads\/2023\/02\/pierrick-copy-150x150.jpg\",\"orientation\":\"landscape\"},\"medium\":{\"height\":168,\"width\":300,\"url\":\"http:\/\/agnesperrais.com\/wp-content\/uploads\/2023\/02\/pierrick-copy-300x168.jpg\",\"orientation\":\"landscape\"},\"large\":{\"height\":369,\"width\":660,\"url\":\"http:\/\/agnesperrais.com\/wp-content\/uploads\/2023\/02\/pierrick-copy-1024x572.jpg\",\"orientation\":\"landscape\"},\"full\":{\"url\":\"http:\/\/agnesperrais.com\/wp-content\/uploads\/2023\/02\/pierrick-copy.jpg\",\"height\":654,\"width\":1171,\"orientation\":\"landscape\"}},\"meta\":false,\"postlink\":\"https:\/\/agnesperrais.com\/?attachment_id=690\"},{\"id\":682,\"title\":\"Mecasoud\",\"url\":\"http:\/\/agnesperrais.com\/wp-content\/uploads\/2023\/02\/Mecasoud.jpg\",\"link\":\"https:\/\/agnesperrais.com\/?attachment_id=682\",\"alt\":\"\",\"description\":\"\",\"caption\":\"\",\"mime\":\"image\/jpeg\",\"type\":\"image\",\"width\":1171,\"height\":658,\"sizes\":{\"thumbnail\":{\"height\":150,\"width\":150,\"url\":\"http:\/\/agnesperrais.com\/wp-content\/uploads\/2023\/02\/Mecasoud-150x150.jpg\",\"orientation\":\"landscape\"},\"medium\":{\"height\":169,\"width\":300,\"url\":\"http:\/\/agnesperrais.com\/wp-content\/uploads\/2023\/02\/Mecasoud-300x169.jpg\",\"orientation\":\"landscape\"},\"large\":{\"height\":371,\"width\":660,\"url\":\"http:\/\/agnesperrais.com\/wp-content\/uploads\/2023\/02\/Mecasoud-1024x575.jpg\",\"orientation\":\"landscape\"},\"full\":{\"url\":\"http:\/\/agnesperrais.com\/wp-content\/uploads\/2023\/02\/Mecasoud.jpg\",\"height\":658,\"width\":1171,\"orientation\":\"landscape\"}},\"meta\":false,\"postlink\":\"https:\/\/agnesperrais.com\/?attachment_id=682\"},{\"id\":687,\"title\":\"stx copy\",\"url\":\"http:\/\/agnesperrais.com\/wp-content\/uploads\/2023\/02\/stx-copy.jpg\",\"link\":\"https:\/\/agnesperrais.com\/?attachment_id=687\",\"alt\":\"\",\"description\":\"\",\"caption\":\"\",\"mime\":\"image\/jpeg\",\"type\":\"image\",\"width\":1174,\"height\":657,\"sizes\":{\"thumbnail\":{\"height\":150,\"width\":150,\"url\":\"http:\/\/agnesperrais.com\/wp-content\/uploads\/2023\/02\/stx-copy-150x150.jpg\",\"orientation\":\"landscape\"},\"medium\":{\"height\":168,\"width\":300,\"url\":\"http:\/\/agnesperrais.com\/wp-content\/uploads\/2023\/02\/stx-copy-300x168.jpg\",\"orientation\":\"landscape\"},\"large\":{\"height\":369,\"width\":660,\"url\":\"http:\/\/agnesperrais.com\/wp-content\/uploads\/2023\/02\/stx-copy-1024x573.jpg\",\"orientation\":\"landscape\"},\"full\":{\"url\":\"http:\/\/agnesperrais.com\/wp-content\/uploads\/2023\/02\/stx-copy.jpg\",\"height\":657,\"width\":1174,\"orientation\":\"landscape\"}},\"meta\":false,\"postlink\":\"https:\/\/agnesperrais.com\/?attachment_id=687\"},{\"id\":692,\"title\":\"Pe\u0301trolier\",\"url\":\"http:\/\/agnesperrais.com\/wp-content\/uploads\/2023\/02\/Petrolier.jpg\",\"link\":\"https:\/\/agnesperrais.com\/?attachment_id=692\",\"alt\":\"\",\"description\":\"\",\"caption\":\"\",\"mime\":\"image\/jpeg\",\"type\":\"image\",\"width\":1170,\"height\":655,\"sizes\":{\"thumbnail\":{\"height\":150,\"width\":150,\"url\":\"http:\/\/agnesperrais.com\/wp-content\/uploads\/2023\/02\/Petrolier-150x150.jpg\",\"orientation\":\"landscape\"},\"medium\":{\"height\":168,\"width\":300,\"url\":\"http:\/\/agnesperrais.com\/wp-content\/uploads\/2023\/02\/Petrolier-300x168.jpg\",\"orientation\":\"landscape\"},\"large\":{\"height\":369,\"width\":660,\"url\":\"http:\/\/agnesperrais.com\/wp-content\/uploads\/2023\/02\/Petrolier-1024x573.jpg\",\"orientation\":\"landscape\"},\"full\":{\"url\":\"http:\/\/agnesperrais.com\/wp-content\/uploads\/2023\/02\/Petrolier.jpg\",\"height\":655,\"width\":1170,\"orientation\":\"landscape\"}},\"meta\":false,\"postlink\":\"https:\/\/agnesperrais.com\/?attachment_id=692\"},{\"id\":681,\"title\":\"grutier copy\",\"url\":\"http:\/\/agnesperrais.com\/wp-content\/uploads\/2023\/02\/grutier-copy.jpg\",\"link\":\"https:\/\/agnesperrais.com\/?attachment_id=681\",\"alt\":\"\",\"description\":\"\",\"caption\":\"\",\"mime\":\"image\/jpeg\",\"type\":\"image\",\"width\":1170,\"height\":657,\"sizes\":{\"thumbnail\":{\"height\":150,\"width\":150,\"url\":\"http:\/\/agnesperrais.com\/wp-content\/uploads\/2023\/02\/grutier-copy-150x150.jpg\",\"orientation\":\"landscape\"},\"medium\":{\"height\":168,\"width\":300,\"url\":\"http:\/\/agnesperrais.com\/wp-content\/uploads\/2023\/02\/grutier-copy-300x168.jpg\",\"orientation\":\"landscape\"},\"large\":{\"height\":371,\"width\":660,\"url\":\"http:\/\/agnesperrais.com\/wp-content\/uploads\/2023\/02\/grutier-copy-1024x575.jpg\",\"orientation\":\"landscape\"},\"full\":{\"url\":\"http:\/\/agnesperrais.com\/wp-content\/uploads\/2023\/02\/grutier-copy.jpg\",\"height\":657,\"width\":1170,\"orientation\":\"landscape\"}},\"meta\":false,\"postlink\":\"https:\/\/agnesperrais.com\/?attachment_id=681\"}],\"itemsMetaDataCollection\":[],\"contentNoPadding\":true,\"sliderThumbBarEnable\":false,\"sliderBgColor\":\"rgba(0,0,0,1)\",\"sliderSocialShareEnabled\":false,\"sliderZoomEnable\":false,\"sliderFullscreenEnabled\":false}<\/script><script>(function(){if(window.PGC_SGB && window.PGC_SGB.searcher){window.PGC_SGB.searcher.initBlocks()}})()<\/script><\/div>\n\n\n<p><\/p>\n\n\n\n<figure class=\"wp-block-embed is-type-video is-provider-vimeo wp-block-embed-vimeo wp-embed-aspect-16-9 wp-has-aspect-ratio\"><div class=\"wp-block-embed__wrapper\">\n<iframe title=\"Tant que nous sommes a\u0300 bord - Bande annonce\" src=\"https:\/\/player.vimeo.com\/video\/787853382?dnt=1&amp;app_id=122963\" width=\"660\" height=\"371\" frameborder=\"0\" allow=\"autoplay; fullscreen; picture-in-picture; clipboard-write; encrypted-media; web-share\" referrerpolicy=\"strict-origin-when-cross-origin\"><\/iframe>\n<\/div><\/figure>\n","protected":false},"excerpt":{"rendered":"<p>2014Documentaire61 min &#8211; HD &#8211; couleur Saint-Nazaire, les chantiers de construction navale. De minces silhouettes sur des machines gigantesques, des bateaux qui partiront naviguer sur l&#8217;oc\u00e9an : entre le quotidien de la vie ouvri\u00e8re, l\u2019exp\u00e9rience des marins, et le r\u00eave d&#8217;un ailleurs, quelle place pour un imaginaire au c\u0153ur de l&#8217;industrie ? Image\u00a0: Agn\u00e8s Perrais &hellip; <a href=\"https:\/\/agnesperrais.com\/?page_id=258\" class=\"more-link\">Continue reading <span class=\"screen-reader-text\">Tant que nous sommes \u00e0 bord<\/span><\/a><\/p>\n","protected":false},"author":1,"featured_media":0,"parent":0,"menu_order":0,"comment_status":"closed","ping_status":"closed","template":"","meta":{"pgc_sgb_lightbox_settings":"","footnotes":""},"class_list":["post-258","page","type-page","status-publish","hentry"],"_links":{"self":[{"href":"https:\/\/agnesperrais.com\/index.php?rest_route=\/wp\/v2\/pages\/258","targetHints":{"allow":["GET"]}}],"collection":[{"href":"https:\/\/agnesperrais.com\/index.php?rest_route=\/wp\/v2\/pages"}],"about":[{"href":"https:\/\/agnesperrais.com\/index.php?rest_route=\/wp\/v2\/types\/page"}],"author":[{"embeddable":true,"href":"https:\/\/agnesperrais.com\/index.php?rest_route=\/wp\/v2\/users\/1"}],"replies":[{"embeddable":true,"href":"https:\/\/agnesperrais.com\/index.php?rest_route=%2Fwp%2Fv2%2Fcomments&post=258"}],"version-history":[{"count":22,"href":"https:\/\/agnesperrais.com\/index.php?rest_route=\/wp\/v2\/pages\/258\/revisions"}],"predecessor-version":[{"id":859,"href":"https:\/\/agnesperrais.com\/index.php?rest_route=\/wp\/v2\/pages\/258\/revisions\/859"}],"wp:attachment":[{"href":"https:\/\/agnesperrais.com\/index.php?rest_route=%2Fwp%2Fv2%2Fmedia&parent=258"}],"curies":[{"name":"wp","href":"https:\/\/api.w.org\/{rel}","templated":true}]}}